{"id":2677,"date":"2001-09-30T00:00:00","date_gmt":"2001-09-30T00:00:00","guid":{"rendered":"https:\/\/miners.rocks\/product\/orig-saurierzahn\/"},"modified":"2020-05-19T17:00:47","modified_gmt":"2020-05-19T17:00:47","slug":"orig-dent-de-saurien","status":"publish","type":"product","link":"https:\/\/westgem.shop\/fr\/produit\/orig-dent-de-saurien\/","title":{"rendered":"SAURIERZAHN original"},"content":{"rendered":"<p>Dent originale d'un dinosaure MOSA - sur une PIERRE PHOSPHATE originale du site.<\/p>\n<p>environ 90 millions d'ann\u00e9es. Conservation de premi\u00e8re classe !<\/p>\n<p>Lieu de d\u00e9couverte : Plateau de phosphate - Khouribga - Sahara occidental<\/p>\n<p>AFRIQUE DU NORD<\/p>\n<p>Poids : 430 g Dimensions : 11 x 10 x 6 cm Dent : 6 cm de long.<\/p>","protected":false},"excerpt":{"rendered":"<p>Dent originale d'un dinosaure MOSA - sur une PIERRE PHOSPHATE originale du site. Environ 90 millions d'ann\u00e9es. Conservation de premi\u00e8re classe ! Site de d\u00e9couverte : Plateau de phosphate - Khouribga - Sahara occidental AFRIQUE DU NORD Poids : 430 g Dimensions : 11 x 10 x 6 cm Dent : 6 cm de long.<\/p>","protected":false},"featured_media":4093,"template":"","meta":{"_acf_changed":false},"region":[],"product_brand":[],"product_cat":[15],"product_tag":[],"class_list":{"0":"post-2677","1":"product","2":"type-product","3":"status-publish","4":"has-post-thumbnail","6":"product_cat-mineralien","8":"first","9":"outofstock","10":"sold-individually","11":"product-type-simple"},"acf":[],"_links":{"self":[{"href":"https:\/\/westgem.shop\/fr\/wp-json\/wp\/v2\/product\/2677","targetHints":{"allow":["GET"]}}],"collection":[{"href":"https:\/\/westgem.shop\/fr\/wp-json\/wp\/v2\/product"}],"about":[{"href":"https:\/\/westgem.shop\/fr\/wp-json\/wp\/v2\/types\/product"}],"wp:featuredmedia":[{"embeddable":true,"href":"https:\/\/westgem.shop\/fr\/wp-json\/wp\/v2\/media\/4093"}],"wp:attachment":[{"href":"https:\/\/westgem.shop\/fr\/wp-json\/wp\/v2\/media?parent=2677"}],"wp:term":[{"taxonomy":"region","embeddable":true,"href":"https:\/\/westgem.shop\/fr\/wp-json\/wp\/v2\/region?post=2677"},{"taxonomy":"product_brand","embeddable":true,"href":"https:\/\/westgem.shop\/fr\/wp-json\/wp\/v2\/product_brand?post=2677"},{"taxonomy":"product_cat","embeddable":true,"href":"https:\/\/westgem.shop\/fr\/wp-json\/wp\/v2\/product_cat?post=2677"},{"taxonomy":"product_tag","embeddable":true,"href":"https:\/\/westgem.shop\/fr\/wp-json\/wp\/v2\/product_tag?post=2677"}],"curies":[{"name":"wp","href":"https:\/\/api.w.org\/{rel}","templated":true}]}}