{"id":2678,"date":"2001-10-01T00:00:00","date_gmt":"2001-10-01T00:00:00","guid":{"rendered":"https:\/\/miners.rocks\/product\/super-original-zahn-vom-mosa-saurier\/"},"modified":"2020-05-19T17:00:48","modified_gmt":"2020-05-19T17:00:48","slug":"super-dent-originale-de-saurien-mosaique","status":"publish","type":"product","link":"https:\/\/westgem.shop\/fr\/produit\/super-dent-originale-de-saurien-mosaique\/","title":{"rendered":"Super ORIGINAL dent de MOSA SAURIER"},"content":{"rendered":"<p>Dent de MOSA SAURIER parfaitement conserv\u00e9e<\/p>\n<p>environ 90 millions d'ann\u00e9es - sur PIERRE PHOSPHATE ORIGINALE avec petits fragments de fossiles .<\/p>\n<p>PHOSPHATPLATEAU - KHOURIBGA - Sahara occidental<\/p>\n<p>AFRIQUE DU NORD<\/p>\n<p>Poids : 260 g Dimensions : 10 x 7 x 5 cm Dent : 6 cm de long.<\/p>","protected":false},"excerpt":{"rendered":"<p>Dent de MOSA SAURIER de premi\u00e8re qualit\u00e9, datant d'environ 90 millions d'ann\u00e9es - sur PIERRE PHOSPHATE ORIGINAL avec petits fragments de fossiles . PHOSPHATPLATEAU - KHOURIBGA - Sahara Occidental AFRIQUE DU NORD Poids : 260 g Dimensions : 10 x 7 x 5 cm Dent : 6 cm de long.<\/p>","protected":false},"featured_media":4096,"template":"","meta":{"_acf_changed":false},"region":[],"product_brand":[],"product_cat":[15],"product_tag":[],"class_list":{"0":"post-2678","1":"product","2":"type-product","3":"status-publish","4":"has-post-thumbnail","6":"product_cat-mineralien","8":"first","9":"outofstock","10":"sold-individually","11":"product-type-simple"},"acf":[],"_links":{"self":[{"href":"https:\/\/westgem.shop\/fr\/wp-json\/wp\/v2\/product\/2678","targetHints":{"allow":["GET"]}}],"collection":[{"href":"https:\/\/westgem.shop\/fr\/wp-json\/wp\/v2\/product"}],"about":[{"href":"https:\/\/westgem.shop\/fr\/wp-json\/wp\/v2\/types\/product"}],"wp:featuredmedia":[{"embeddable":true,"href":"https:\/\/westgem.shop\/fr\/wp-json\/wp\/v2\/media\/4096"}],"wp:attachment":[{"href":"https:\/\/westgem.shop\/fr\/wp-json\/wp\/v2\/media?parent=2678"}],"wp:term":[{"taxonomy":"region","embeddable":true,"href":"https:\/\/westgem.shop\/fr\/wp-json\/wp\/v2\/region?post=2678"},{"taxonomy":"product_brand","embeddable":true,"href":"https:\/\/westgem.shop\/fr\/wp-json\/wp\/v2\/product_brand?post=2678"},{"taxonomy":"product_cat","embeddable":true,"href":"https:\/\/westgem.shop\/fr\/wp-json\/wp\/v2\/product_cat?post=2678"},{"taxonomy":"product_tag","embeddable":true,"href":"https:\/\/westgem.shop\/fr\/wp-json\/wp\/v2\/product_tag?post=2678"}],"curies":[{"name":"wp","href":"https:\/\/api.w.org\/{rel}","templated":true}]}}