{"id":2680,"date":"2001-10-03T00:00:00","date_gmt":"2001-10-03T00:00:00","guid":{"rendered":"https:\/\/miners.rocks\/product\/original-ur-hai-zahn\/"},"modified":"2020-05-19T17:00:49","modified_gmt":"2020-05-19T17:00:49","slug":"original-dent-de-requin-ur","status":"publish","type":"product","link":"https:\/\/westgem.shop\/fr\/produit\/original-dent-de-requin-ur\/","title":{"rendered":"ORIGINAL DENT DE REQUIN UR"},"content":{"rendered":"<p>DENTS UR HAU tr\u00e8s bien conserv\u00e9es avec la racine de la dent et les petites canines - sur une roche phosphat\u00e9e originale provenant du site.<\/p>\n<p>UR HAI - OTODUS OBLIQUUS - vivait il y a environ 50 'millions d'ann\u00e9es .<\/p>\n<p>Plateau de phosphate - Khouribga - SAHARA OCCIDENTAL AFRIQUE DU NORD<\/p>\n<p>Poids : 340 g Dimensions : 11 x 7 x 5 cm Dent : plus de 6 cm de long<\/p>","protected":false},"excerpt":{"rendered":"<p>DENTS DE UR HAU tr\u00e8s bien conserv\u00e9 avec racine et petites canines - sur roche phosphat\u00e9e originale du site. UR HAI - OTODUS OBLIQUUS - vivait il y a environ 50 'millions d'ann\u00e9es . Plateau de phosphate - Khouribga - SAHARA OCCIDENTAL AFRIQUE DU NORD Poids : 340 g Dimensions : 11 x 7 x 5 cm Dent : plus de 6 cm de long<\/p>","protected":false},"featured_media":4102,"template":"","meta":{"_acf_changed":false},"region":[],"product_brand":[],"product_cat":[15],"product_tag":[],"class_list":{"0":"post-2680","1":"product","2":"type-product","3":"status-publish","4":"has-post-thumbnail","6":"product_cat-mineralien","8":"first","9":"outofstock","10":"sold-individually","11":"product-type-simple"},"acf":[],"_links":{"self":[{"href":"https:\/\/westgem.shop\/fr\/wp-json\/wp\/v2\/product\/2680","targetHints":{"allow":["GET"]}}],"collection":[{"href":"https:\/\/westgem.shop\/fr\/wp-json\/wp\/v2\/product"}],"about":[{"href":"https:\/\/westgem.shop\/fr\/wp-json\/wp\/v2\/types\/product"}],"wp:featuredmedia":[{"embeddable":true,"href":"https:\/\/westgem.shop\/fr\/wp-json\/wp\/v2\/media\/4102"}],"wp:attachment":[{"href":"https:\/\/westgem.shop\/fr\/wp-json\/wp\/v2\/media?parent=2680"}],"wp:term":[{"taxonomy":"region","embeddable":true,"href":"https:\/\/westgem.shop\/fr\/wp-json\/wp\/v2\/region?post=2680"},{"taxonomy":"product_brand","embeddable":true,"href":"https:\/\/westgem.shop\/fr\/wp-json\/wp\/v2\/product_brand?post=2680"},{"taxonomy":"product_cat","embeddable":true,"href":"https:\/\/westgem.shop\/fr\/wp-json\/wp\/v2\/product_cat?post=2680"},{"taxonomy":"product_tag","embeddable":true,"href":"https:\/\/westgem.shop\/fr\/wp-json\/wp\/v2\/product_tag?post=2680"}],"curies":[{"name":"wp","href":"https:\/\/api.w.org\/{rel}","templated":true}]}}