{"id":2681,"date":"2001-10-04T00:00:00","date_gmt":"2001-10-04T00:00:00","guid":{"rendered":"https:\/\/miners.rocks\/product\/original-zahn-eines-ur-hai%c2%a5s\/"},"modified":"2020-05-19T17:00:50","modified_gmt":"2020-05-19T17:00:50","slug":"dent-originale-dun-ur-hai%c2%a5s","status":"publish","type":"product","link":"https:\/\/westgem.shop\/fr\/produit\/dent-originale-dun-ur-hai%c2%a5s\/","title":{"rendered":"DENTES ORIGINALES d'un UR HAI\u00a5S"},"content":{"rendered":"<p>Magnifique DENTIFICATION UR HAI - compl\u00e8te avec la racine de la dent et les petites canines - celles-ci n'existent plus chez les HA\u00cfS vivant actuellement !<\/p>\n<p>Le nom latin de ces requins UR est OTODUS OBLIQUUS - vieux de 60 millions d'ann\u00e9es.<\/p>\n<p>La dent est pos\u00e9e sur la matrice originale (roche phosphat\u00e9e avec plusieurs fragments de fossiles) du site.<\/p>\n<p>Les mines de phosphate de PHOSPHATPLATEAU \u00e0 KHOURIBGA sont le lieu de la d\u00e9couverte<\/p>\n<p>SAHARA OCCIDENTAL - AFRIQUE DU NORD<\/p>\n<p>Poids : 440 g Dim : 11 x 10 x 6 cm La dent mesure presque 7 cm de long !<\/p>","protected":false},"excerpt":{"rendered":"<p>Magnifique DENTS DE REVERS - compl\u00e8te avec la racine et les petites canines - celles-ci n'existent plus chez les REVERS actuels ! Le nom latin de ce requin UR est OTODUS OBLIQUUS - vieux de 60 millions d'ann\u00e9es. La dent est pos\u00e9e sur la matrice originale (roche phosphat\u00e9e avec de nombreux fragments de fossiles) du site. Le site se trouve dans les [...]<\/p>","protected":false},"featured_media":4105,"template":"","meta":{"_acf_changed":false},"region":[],"product_brand":[],"product_cat":[15],"product_tag":[],"class_list":{"0":"post-2681","1":"product","2":"type-product","3":"status-publish","4":"has-post-thumbnail","6":"product_cat-mineralien","8":"first","9":"outofstock","10":"sold-individually","11":"product-type-simple"},"acf":[],"_links":{"self":[{"href":"https:\/\/westgem.shop\/fr\/wp-json\/wp\/v2\/product\/2681","targetHints":{"allow":["GET"]}}],"collection":[{"href":"https:\/\/westgem.shop\/fr\/wp-json\/wp\/v2\/product"}],"about":[{"href":"https:\/\/westgem.shop\/fr\/wp-json\/wp\/v2\/types\/product"}],"wp:featuredmedia":[{"embeddable":true,"href":"https:\/\/westgem.shop\/fr\/wp-json\/wp\/v2\/media\/4105"}],"wp:attachment":[{"href":"https:\/\/westgem.shop\/fr\/wp-json\/wp\/v2\/media?parent=2681"}],"wp:term":[{"taxonomy":"region","embeddable":true,"href":"https:\/\/westgem.shop\/fr\/wp-json\/wp\/v2\/region?post=2681"},{"taxonomy":"product_brand","embeddable":true,"href":"https:\/\/westgem.shop\/fr\/wp-json\/wp\/v2\/product_brand?post=2681"},{"taxonomy":"product_cat","embeddable":true,"href":"https:\/\/westgem.shop\/fr\/wp-json\/wp\/v2\/product_cat?post=2681"},{"taxonomy":"product_tag","embeddable":true,"href":"https:\/\/westgem.shop\/fr\/wp-json\/wp\/v2\/product_tag?post=2681"}],"curies":[{"name":"wp","href":"https:\/\/api.w.org\/{rel}","templated":true}]}}