{"id":2682,"date":"2001-10-05T00:00:00","date_gmt":"2001-10-05T00:00:00","guid":{"rendered":"https:\/\/miners.rocks\/product\/mimetesit-xx-namibia\/"},"modified":"2020-05-19T17:00:50","modified_gmt":"2020-05-19T17:00:50","slug":"mimetesit-xx-namibie","status":"publish","type":"product","link":"https:\/\/westgem.shop\/fr\/produit\/mimetesit-xx-namibie\/","title":{"rendered":"MIMETESIT xx - NAMIBIE"},"content":{"rendered":"<p>MIMETESIT xx - ARSENIC BLEISPAT - nombreux petits cristaux blancs et agr\u00e9gats bruns.<\/p>\n<p>Utilisation comme BLEIERZ dans l'industrie du verre.<\/p>\n<p>La localit\u00e9 type est Johanngeorgenstadt dans les Monts M\u00e9tallif\u00e8res - Saxe<\/p>\n<p>Cette pi\u00e8ce est de TSUMEB - NAMIBIA - d'une ancienne collection - rare \u00e0 obtenir. Encore avec l'\u00e9tiquette originale de l'ann\u00e9e 1969.<\/p>\n<p>Poids : 170 g Dimensions : 7 x 6 x 4 cm<\/p>","protected":false},"excerpt":{"rendered":"<p>MIMETESIT xx - ARSENIC BLEISPAT - nombreux petits cristaux blancs et agr\u00e9gats bruns. Utilis\u00e9 comme BLEIERZ dans l'industrie du verre. La localit\u00e9 type est Johanngeorgenstadt dans les Monts M\u00e9tallif\u00e8res - Saxe Cette pi\u00e8ce est rare \u00e0 obtenir de TSUMEB - NAMIBIA - provenant d'une ancienne collection. Encore avec l'\u00e9tiquette originale de 1969. Poids : 170 g Dimensions : 7 x 6 [...].<\/p>","protected":false},"featured_media":4108,"template":"","meta":{"_acf_changed":false},"region":[],"product_brand":[],"product_cat":[15],"product_tag":[],"class_list":{"0":"post-2682","1":"product","2":"type-product","3":"status-publish","4":"has-post-thumbnail","6":"product_cat-mineralien","8":"first","9":"outofstock","10":"sold-individually","11":"product-type-simple"},"acf":[],"_links":{"self":[{"href":"https:\/\/westgem.shop\/fr\/wp-json\/wp\/v2\/product\/2682","targetHints":{"allow":["GET"]}}],"collection":[{"href":"https:\/\/westgem.shop\/fr\/wp-json\/wp\/v2\/product"}],"about":[{"href":"https:\/\/westgem.shop\/fr\/wp-json\/wp\/v2\/types\/product"}],"wp:featuredmedia":[{"embeddable":true,"href":"https:\/\/westgem.shop\/fr\/wp-json\/wp\/v2\/media\/4108"}],"wp:attachment":[{"href":"https:\/\/westgem.shop\/fr\/wp-json\/wp\/v2\/media?parent=2682"}],"wp:term":[{"taxonomy":"region","embeddable":true,"href":"https:\/\/westgem.shop\/fr\/wp-json\/wp\/v2\/region?post=2682"},{"taxonomy":"product_brand","embeddable":true,"href":"https:\/\/westgem.shop\/fr\/wp-json\/wp\/v2\/product_brand?post=2682"},{"taxonomy":"product_cat","embeddable":true,"href":"https:\/\/westgem.shop\/fr\/wp-json\/wp\/v2\/product_cat?post=2682"},{"taxonomy":"product_tag","embeddable":true,"href":"https:\/\/westgem.shop\/fr\/wp-json\/wp\/v2\/product_tag?post=2682"}],"curies":[{"name":"wp","href":"https:\/\/api.w.org\/{rel}","templated":true}]}}