{"id":2684,"date":"2001-10-07T00:00:00","date_gmt":"2001-10-07T00:00:00","guid":{"rendered":"https:\/\/miners.rocks\/product\/charoit-sibirien\/"},"modified":"2020-05-19T17:00:51","modified_gmt":"2020-05-19T17:00:51","slug":"charoit-siberie","status":"publish","type":"product","link":"https:\/\/westgem.shop\/fr\/produit\/charoit-siberie\/","title":{"rendered":"CHAROIT - SIB\u00c9RIE"},"content":{"rendered":"<p>La pierre pr\u00e9cieuse rare de Sib\u00e9rie orientale.<\/p>\n<p>D\u00e9couvert pour la premi\u00e8re fois en 1978.<\/p>\n<p>M\u00e9lange de min\u00e9raux de couleur lilas compos\u00e9 de plus de 40 \u00e9l\u00e9ments chimiques.<\/p>\n<p>Le seul site connu se trouve dans le MASSIF DE MURUN en SIBIRIE EST, sur la rivi\u00e8re CHARA (d'o\u00f9 le nom de CHAROIT) et c'est aussi la TYPLOCALIT\u00c9.<\/p>\n<p><u>OFFRE :<\/u> <u>1 pierre brute et une pierre polie en combinaison.<\/u><\/p>\n<p>La CHAROITE est rare et donc relativement ch\u00e8re.<\/p>\n<p>La pi\u00e8ce brute p\u00e8se 200 g - Dimensions : 11 x 5 x 2 cm<\/p>\n<p> - la pierre polie p\u00e8se 22 g et mesure 5 x 1 x 1,5 cm<\/p>","protected":false},"excerpt":{"rendered":"<p>La pierre pr\u00e9cieuse rare de Sib\u00e9rie orientale. D\u00e9couverte pour la premi\u00e8re fois en 1978. M\u00e9lange de min\u00e9raux de couleur lilas compos\u00e9 de plus de 40 \u00e9l\u00e9ments chimiques. Le seul site connu se trouve dans le MASSIF DE MURUN en SIBERIE ORIENTALE et plus pr\u00e9cis\u00e9ment sur la rivi\u00e8re CHARA (d'o\u00f9 le nom de CHARO\u00cfTE) et c'est aussi la TYPLOCALIT\u00c9. OFFRE : 1 pierre brute et une pierre polie en combinaison. La CHAROITE est rare [...].<\/p>","protected":false},"featured_media":4117,"template":"","meta":{"_acf_changed":false},"region":[],"product_brand":[],"product_cat":[15],"product_tag":[],"class_list":{"0":"post-2684","1":"product","2":"type-product","3":"status-publish","4":"has-post-thumbnail","6":"product_cat-mineralien","8":"first","9":"outofstock","10":"sold-individually","11":"product-type-simple"},"acf":[],"_links":{"self":[{"href":"https:\/\/westgem.shop\/fr\/wp-json\/wp\/v2\/product\/2684","targetHints":{"allow":["GET"]}}],"collection":[{"href":"https:\/\/westgem.shop\/fr\/wp-json\/wp\/v2\/product"}],"about":[{"href":"https:\/\/westgem.shop\/fr\/wp-json\/wp\/v2\/types\/product"}],"wp:featuredmedia":[{"embeddable":true,"href":"https:\/\/westgem.shop\/fr\/wp-json\/wp\/v2\/media\/4117"}],"wp:attachment":[{"href":"https:\/\/westgem.shop\/fr\/wp-json\/wp\/v2\/media?parent=2684"}],"wp:term":[{"taxonomy":"region","embeddable":true,"href":"https:\/\/westgem.shop\/fr\/wp-json\/wp\/v2\/region?post=2684"},{"taxonomy":"product_brand","embeddable":true,"href":"https:\/\/westgem.shop\/fr\/wp-json\/wp\/v2\/product_brand?post=2684"},{"taxonomy":"product_cat","embeddable":true,"href":"https:\/\/westgem.shop\/fr\/wp-json\/wp\/v2\/product_cat?post=2684"},{"taxonomy":"product_tag","embeddable":true,"href":"https:\/\/westgem.shop\/fr\/wp-json\/wp\/v2\/product_tag?post=2684"}],"curies":[{"name":"wp","href":"https:\/\/api.w.org\/{rel}","templated":true}]}}