{"id":2685,"date":"2001-10-08T00:00:00","date_gmt":"2001-10-08T00:00:00","guid":{"rendered":"https:\/\/miners.rocks\/product\/pyrit-xx-ankogel\/"},"modified":"2020-05-19T17:00:52","modified_gmt":"2020-05-19T17:00:52","slug":"pyrite-xx-ankogel","status":"publish","type":"product","link":"https:\/\/westgem.shop\/fr\/produit\/pyrite-xx-ankogel\/","title":{"rendered":"PYRIT xx - ANKOGEL"},"content":{"rendered":"<p>Sur l'ANKOGEL, un sommet de 3.000 m\u00e8tres bien connu dans les HAUTES TAUERN, on trouve aussi r\u00e9guli\u00e8rement des PYRITE.<\/p>\n<p>Cette pi\u00e8ce, des cristaux de PYRITE avec des taches d'oxyde de fer et des surfaces de quartz limonis\u00e9, a \u00e9t\u00e9 trouv\u00e9e en ao\u00fbt 2011 sous la GRAULEITENSPITZE , \u00e0 environ 2.900 m\u00e8tres d'altitude.<\/p>\n<p>Poids : 150 g Dimensions : 9 x 8 x 3 cm<\/p>","protected":false},"excerpt":{"rendered":"<p>On trouve r\u00e9guli\u00e8rement de la PYRITE sur l'ANKOGEL, un sommet de 3.000 m\u00e8tres bien connu dans les HAUTES TAURES. Cette pi\u00e8ce, des cristaux de PYRITE avec de l'oxyde de fer et des surfaces de quartz limonis\u00e9, a \u00e9t\u00e9 trouv\u00e9e en ao\u00fbt 2011 sous la GRAULEITENSPITZE, \u00e0 environ 2.900 m\u00e8tres d'altitude. Poids : 150 g Dimensions : 9 x 8 x 3 cm<\/p>","protected":false},"featured_media":4120,"template":"","meta":{"_acf_changed":false},"region":[],"product_brand":[],"product_cat":[15],"product_tag":[],"class_list":{"0":"post-2685","1":"product","2":"type-product","3":"status-publish","4":"has-post-thumbnail","6":"product_cat-mineralien","8":"first","9":"outofstock","10":"sold-individually","11":"product-type-simple"},"acf":[],"_links":{"self":[{"href":"https:\/\/westgem.shop\/fr\/wp-json\/wp\/v2\/product\/2685","targetHints":{"allow":["GET"]}}],"collection":[{"href":"https:\/\/westgem.shop\/fr\/wp-json\/wp\/v2\/product"}],"about":[{"href":"https:\/\/westgem.shop\/fr\/wp-json\/wp\/v2\/types\/product"}],"wp:featuredmedia":[{"embeddable":true,"href":"https:\/\/westgem.shop\/fr\/wp-json\/wp\/v2\/media\/4120"}],"wp:attachment":[{"href":"https:\/\/westgem.shop\/fr\/wp-json\/wp\/v2\/media?parent=2685"}],"wp:term":[{"taxonomy":"region","embeddable":true,"href":"https:\/\/westgem.shop\/fr\/wp-json\/wp\/v2\/region?post=2685"},{"taxonomy":"product_brand","embeddable":true,"href":"https:\/\/westgem.shop\/fr\/wp-json\/wp\/v2\/product_brand?post=2685"},{"taxonomy":"product_cat","embeddable":true,"href":"https:\/\/westgem.shop\/fr\/wp-json\/wp\/v2\/product_cat?post=2685"},{"taxonomy":"product_tag","embeddable":true,"href":"https:\/\/westgem.shop\/fr\/wp-json\/wp\/v2\/product_tag?post=2685"}],"curies":[{"name":"wp","href":"https:\/\/api.w.org\/{rel}","templated":true}]}}