{"id":2687,"date":"2001-10-10T00:00:00","date_gmt":"2001-10-10T00:00:00","guid":{"rendered":"https:\/\/miners.rocks\/product\/azurit-osttirol\/"},"modified":"2020-05-19T17:00:53","modified_gmt":"2020-05-19T17:00:53","slug":"azurit-est-tyrol","status":"publish","type":"product","link":"https:\/\/westgem.shop\/fr\/produit\/azurit-est-tyrol\/","title":{"rendered":"AZURIT - TYROL ORIENTAL"},"content":{"rendered":"<p>Petit niveau de preuve provenant d'une d\u00e9couverte d'avant 1970.<\/p>\n<p>AZURIT xx - tzw. condens\u00e9 sur la roche m\u00e8re, isol\u00e9.<\/p>\n<p>localisation de la trouvaille : Dorfertal - Tyrol oriental<\/p>\n<p>Poids : 47 g Dimensions : 5 x 3 x 3 cm<\/p>","protected":false},"excerpt":{"rendered":"<p>Petit niveau de preuve provenant d'une d\u00e9couverte d'avant 1970. AZURIT xx - tzw. ange angels sur la roche m\u00e8re, isol\u00e9. Lieu de d\u00e9couverte : Dorfertal - Tyrol oriental Poids : 47 g Dimensions : 5 x 3 x 3 cm<\/p>","protected":false},"featured_media":4127,"template":"","meta":{"_acf_changed":false},"region":[],"product_brand":[],"product_cat":[15],"product_tag":[],"class_list":{"0":"post-2687","1":"product","2":"type-product","3":"status-publish","4":"has-post-thumbnail","6":"product_cat-mineralien","8":"first","9":"outofstock","10":"sold-individually","11":"product-type-simple"},"acf":[],"_links":{"self":[{"href":"https:\/\/westgem.shop\/fr\/wp-json\/wp\/v2\/product\/2687","targetHints":{"allow":["GET"]}}],"collection":[{"href":"https:\/\/westgem.shop\/fr\/wp-json\/wp\/v2\/product"}],"about":[{"href":"https:\/\/westgem.shop\/fr\/wp-json\/wp\/v2\/types\/product"}],"wp:featuredmedia":[{"embeddable":true,"href":"https:\/\/westgem.shop\/fr\/wp-json\/wp\/v2\/media\/4127"}],"wp:attachment":[{"href":"https:\/\/westgem.shop\/fr\/wp-json\/wp\/v2\/media?parent=2687"}],"wp:term":[{"taxonomy":"region","embeddable":true,"href":"https:\/\/westgem.shop\/fr\/wp-json\/wp\/v2\/region?post=2687"},{"taxonomy":"product_brand","embeddable":true,"href":"https:\/\/westgem.shop\/fr\/wp-json\/wp\/v2\/product_brand?post=2687"},{"taxonomy":"product_cat","embeddable":true,"href":"https:\/\/westgem.shop\/fr\/wp-json\/wp\/v2\/product_cat?post=2687"},{"taxonomy":"product_tag","embeddable":true,"href":"https:\/\/westgem.shop\/fr\/wp-json\/wp\/v2\/product_tag?post=2687"}],"curies":[{"name":"wp","href":"https:\/\/api.w.org\/{rel}","templated":true}]}}