{"id":2689,"date":"2001-10-12T00:00:00","date_gmt":"2001-10-12T00:00:00","guid":{"rendered":"https:\/\/miners.rocks\/product\/utah-tuerkis-variscit\/"},"modified":"2020-05-19T17:00:55","modified_gmt":"2020-05-19T17:00:55","slug":"utah-turquoise-variscit","status":"publish","type":"product","link":"https:\/\/westgem.shop\/fr\/produit\/utah-turquoise-variscit\/","title":{"rendered":"\" UTAH TURQUOISE \" - VARISCIT"},"content":{"rendered":"<p>La VARISCITE ou \"UTAH T\u00fcRKIS\" ou UTAHLITH est un min\u00e9ral qui est \u00e9galement utilis\u00e9 comme pierre pr\u00e9cieuse aux \u00c9tats-Unis et qui est propos\u00e9 en remplacement de la T\u00fcRIS.<\/p>\n<p>Mais VARISCIT n'a rien \u00e0 voir avec la v\u00e9ritable T\u00dcRKIS, du point de vue min\u00e9ralogique.<\/p>\n<p>La VARISCIT se trouve g\u00e9n\u00e9ralement \u00e0 l'\u00e9tat brut et se forme comme remplissage de cavit\u00e9s dans des roches riches en aluminium.<\/p>\n<p>Un min\u00e9ral plut\u00f4t rare !<\/p>\n<p>Lieu de d\u00e9couverte : 'Light Claim - Lontree<\/p>\n<p>UTAH - \u00c9TATS-UNIS<\/p>\n<p>Poids : 470 g Dimensions : 13 x 9 x 6 cm<\/p>","protected":false},"excerpt":{"rendered":"<p>La VARISCITE ou \"UTAH T\u00fcRKIS\" ou UTAHLITH est un min\u00e9ral qui est \u00e9galement utilis\u00e9 comme pierre pr\u00e9cieuse aux \u00c9tats-Unis et qui est propos\u00e9 en remplacement de la T\u00fcRIS. La VARISCITE n'a cependant rien \u00e0 voir avec la v\u00e9ritable T\u00dcRKIS, du point de vue min\u00e9ralogique. La VARISCITE se trouve g\u00e9n\u00e9ralement \u00e0 l'\u00e9tat brut et se forme comme remplissage de cavit\u00e9s dans des roches riches en aluminium. Un min\u00e9ral plut\u00f4t rare ! Lieu de d\u00e9couverte : 'Light [...]<\/p>","protected":false},"featured_media":4132,"template":"","meta":{"_acf_changed":false},"region":[],"product_brand":[],"product_cat":[15],"product_tag":[],"class_list":{"0":"post-2689","1":"product","2":"type-product","3":"status-publish","4":"has-post-thumbnail","6":"product_cat-mineralien","8":"first","9":"outofstock","10":"sold-individually","11":"product-type-simple"},"acf":[],"_links":{"self":[{"href":"https:\/\/westgem.shop\/fr\/wp-json\/wp\/v2\/product\/2689","targetHints":{"allow":["GET"]}}],"collection":[{"href":"https:\/\/westgem.shop\/fr\/wp-json\/wp\/v2\/product"}],"about":[{"href":"https:\/\/westgem.shop\/fr\/wp-json\/wp\/v2\/types\/product"}],"wp:featuredmedia":[{"embeddable":true,"href":"https:\/\/westgem.shop\/fr\/wp-json\/wp\/v2\/media\/4132"}],"wp:attachment":[{"href":"https:\/\/westgem.shop\/fr\/wp-json\/wp\/v2\/media?parent=2689"}],"wp:term":[{"taxonomy":"region","embeddable":true,"href":"https:\/\/westgem.shop\/fr\/wp-json\/wp\/v2\/region?post=2689"},{"taxonomy":"product_brand","embeddable":true,"href":"https:\/\/westgem.shop\/fr\/wp-json\/wp\/v2\/product_brand?post=2689"},{"taxonomy":"product_cat","embeddable":true,"href":"https:\/\/westgem.shop\/fr\/wp-json\/wp\/v2\/product_cat?post=2689"},{"taxonomy":"product_tag","embeddable":true,"href":"https:\/\/westgem.shop\/fr\/wp-json\/wp\/v2\/product_tag?post=2689"}],"curies":[{"name":"wp","href":"https:\/\/api.w.org\/{rel}","templated":true}]}}