{"id":2690,"date":"2001-10-13T00:00:00","date_gmt":"2001-10-13T00:00:00","guid":{"rendered":"https:\/\/miners.rocks\/product\/jade-rohstein-canada\/"},"modified":"2020-05-19T17:00:55","modified_gmt":"2020-05-19T17:00:55","slug":"pierre-brute-de-jade-canada","status":"publish","type":"product","link":"https:\/\/westgem.shop\/fr\/produit\/pierre-brute-de-jade-canada\/","title":{"rendered":"PIERRE BRUTE DE JADE - CANADA"},"content":{"rendered":"<p>Seuls les min\u00e9raux JADEIT, NEPHRIT et MAW SIT SIT font partie du VRAI JADE.<\/p>\n<p>Aujourd'hui, d'innombrables min\u00e9raux et roches verts sont propos\u00e9s comme JADE, surtout dans le domaine de la bijouterie. Le \"CHINA JADE\" en particulier n'est g\u00e9n\u00e9ralement que de la SERPENTINE (beaucoup plus douce et disponible en grandes quantit\u00e9s), il existe en outre des imitations et des contrefa\u00e7ons de JADE.<\/p>\n<p>Tout comme le min\u00e9ral JADEIT, le min\u00e9ral NEPHRIT est tr\u00e8s dur, dense et tenace. Les couleurs de la NEPHRITE vont principalement du vert olive au noir. La JADEIT, en revanche, peut se pr\u00e9senter dans toutes les couleurs possibles. La vari\u00e9t\u00e9 de jad\u00e9ite la plus c\u00e9l\u00e8bre est l'IMPERIAL ou KAISER JADE du NORD BURMA - une jad\u00e9ite vert \u00e9meraude, transparente - les bonnes pierres sont incroyablement ch\u00e8res. 1 kg co\u00fbte actuellement plusieurs millions de dollars !<\/p>\n<p>Cette pierre brute NEPHRITE est coup\u00e9e sur un c\u00f4t\u00e9, mais PAS polie. Le min\u00e9ral est si dur et dense que nous avons besoin d'un liquide de refroidissement sp\u00e9cial pour le couper sur les scies diamant\u00e9es - c'est pourquoi la surface de coupe semble d\u00e9j\u00e0 polie.<\/p>\n<p>La pi\u00e8ce provient de la mine CASSIER MINE en COLOMBIE BRITANNIQUE - CANADA<\/p>\n<p>Poids : 1, 5 kilogramme Dimensions : 15 x 11,5 x 5 cm<\/p>","protected":false},"excerpt":{"rendered":"<p>Seuls les min\u00e9raux JADEIT, NEPHRIT et MAW SIT SIT font partie du VRAI JADE. Aujourd'hui, d'innombrables min\u00e9raux et roches verts sont propos\u00e9s comme JADE, surtout dans le domaine de la bijouterie. Le \"JADE CHINE\" en particulier n'est en g\u00e9n\u00e9ral que de la SERPENTINE (beaucoup plus douce et disponible en grande quantit\u00e9), il existe en outre des imitations de JADE et des imitations de JADE. Le [...]<\/p>","protected":false},"featured_media":4135,"template":"","meta":{"_acf_changed":false},"region":[],"product_brand":[],"product_cat":[15],"product_tag":[],"class_list":{"0":"post-2690","1":"product","2":"type-product","3":"status-publish","4":"has-post-thumbnail","6":"product_cat-mineralien","8":"first","9":"outofstock","10":"sold-individually","11":"product-type-simple"},"acf":[],"_links":{"self":[{"href":"https:\/\/westgem.shop\/fr\/wp-json\/wp\/v2\/product\/2690","targetHints":{"allow":["GET"]}}],"collection":[{"href":"https:\/\/westgem.shop\/fr\/wp-json\/wp\/v2\/product"}],"about":[{"href":"https:\/\/westgem.shop\/fr\/wp-json\/wp\/v2\/types\/product"}],"wp:featuredmedia":[{"embeddable":true,"href":"https:\/\/westgem.shop\/fr\/wp-json\/wp\/v2\/media\/4135"}],"wp:attachment":[{"href":"https:\/\/westgem.shop\/fr\/wp-json\/wp\/v2\/media?parent=2690"}],"wp:term":[{"taxonomy":"region","embeddable":true,"href":"https:\/\/westgem.shop\/fr\/wp-json\/wp\/v2\/region?post=2690"},{"taxonomy":"product_brand","embeddable":true,"href":"https:\/\/westgem.shop\/fr\/wp-json\/wp\/v2\/product_brand?post=2690"},{"taxonomy":"product_cat","embeddable":true,"href":"https:\/\/westgem.shop\/fr\/wp-json\/wp\/v2\/product_cat?post=2690"},{"taxonomy":"product_tag","embeddable":true,"href":"https:\/\/westgem.shop\/fr\/wp-json\/wp\/v2\/product_tag?post=2690"}],"curies":[{"name":"wp","href":"https:\/\/api.w.org\/{rel}","templated":true}]}}