{"id":2691,"date":"2001-10-14T00:00:00","date_gmt":"2001-10-14T00:00:00","guid":{"rendered":"https:\/\/miners.rocks\/product\/mangano-calcit-xx-pyrit-xx\/"},"modified":"2020-05-19T17:00:56","modified_gmt":"2020-05-19T17:00:56","slug":"manganese-calcite-xx-pyrite-xx","status":"publish","type":"product","link":"https:\/\/westgem.shop\/fr\/produit\/manganese-calcite-xx-pyrite-xx\/","title":{"rendered":"Mangano CALCIT xx - PYRIT xx"},"content":{"rendered":"<p>Ces marches en cristal sont issues de d\u00e9couvertes faites dans les ann\u00e9es 1970 - entre-temps, de telles marches ne sont plus disponibles sur le march\u00e9.<\/p>\n<p>CALCITE MANGANO de premi\u00e8re qualit\u00e9 avec des surfaces \u00e0 ar\u00eates vives et des cristaux PYRIT tr\u00e8s brillants avec les surfaces cristallines stri\u00e9es typiques.<\/p>\n<p>La MANGANO CALCIT montre de superbes couleurs sous la lumi\u00e8re UV !<\/p>\n<p>PACHAPAQUI - PASTO BUENO<\/p>\n<p>HAUTES ANDES - P\u00c9ROU<\/p>\n<p>Poids : 470 g Dimensions : 14 x 9 x 6 cm<\/p>\n<p>L'image 3 est la face inf\u00e9rieure de la marche<\/p>","protected":false},"excerpt":{"rendered":"<p>Ces marches en cristal proviennent de d\u00e9couvertes faites dans les ann\u00e9es 1970 - entre-temps, de telles marches ne sont plus disponibles sur le march\u00e9. CALCITE MANGANO de premi\u00e8re qualit\u00e9 avec des surfaces \u00e0 ar\u00eates vives et des cristaux de PYRITE tr\u00e8s brillants avec les surfaces cristallines stri\u00e9es typiques. La MANGANO CALCITE montre de superbes couleurs \u00e0 la lumi\u00e8re UV ! PACHAPAQUI - PASTO BUENO HAUT-PARLEUR - PERU Poids : 470 g Dimensions : [...]<\/p>","protected":false},"featured_media":4139,"template":"","meta":{"_acf_changed":false},"region":[],"product_brand":[],"product_cat":[15],"product_tag":[],"class_list":{"0":"post-2691","1":"product","2":"type-product","3":"status-publish","4":"has-post-thumbnail","6":"product_cat-mineralien","8":"first","9":"outofstock","10":"sold-individually","11":"product-type-simple"},"acf":[],"_links":{"self":[{"href":"https:\/\/westgem.shop\/fr\/wp-json\/wp\/v2\/product\/2691","targetHints":{"allow":["GET"]}}],"collection":[{"href":"https:\/\/westgem.shop\/fr\/wp-json\/wp\/v2\/product"}],"about":[{"href":"https:\/\/westgem.shop\/fr\/wp-json\/wp\/v2\/types\/product"}],"wp:featuredmedia":[{"embeddable":true,"href":"https:\/\/westgem.shop\/fr\/wp-json\/wp\/v2\/media\/4139"}],"wp:attachment":[{"href":"https:\/\/westgem.shop\/fr\/wp-json\/wp\/v2\/media?parent=2691"}],"wp:term":[{"taxonomy":"region","embeddable":true,"href":"https:\/\/westgem.shop\/fr\/wp-json\/wp\/v2\/region?post=2691"},{"taxonomy":"product_brand","embeddable":true,"href":"https:\/\/westgem.shop\/fr\/wp-json\/wp\/v2\/product_brand?post=2691"},{"taxonomy":"product_cat","embeddable":true,"href":"https:\/\/westgem.shop\/fr\/wp-json\/wp\/v2\/product_cat?post=2691"},{"taxonomy":"product_tag","embeddable":true,"href":"https:\/\/westgem.shop\/fr\/wp-json\/wp\/v2\/product_tag?post=2691"}],"curies":[{"name":"wp","href":"https:\/\/api.w.org\/{rel}","templated":true}]}}