{"id":2692,"date":"2001-10-15T00:00:00","date_gmt":"2001-10-15T00:00:00","guid":{"rendered":"https:\/\/miners.rocks\/product\/pyrit-xx-auf-mangano-calcit-xx\/"},"modified":"2020-05-19T17:00:56","modified_gmt":"2020-05-19T17:00:56","slug":"pyrite-xx-sur-manganese-calcite-xx","status":"publish","type":"product","link":"https:\/\/westgem.shop\/fr\/produit\/pyrite-xx-sur-manganese-calcite-xx\/","title":{"rendered":"PYRIT xx sur MANGANO CALCIT xx"},"content":{"rendered":"<p>Min\u00e9ral de premi\u00e8re qualit\u00e9 provenant d'anciennes d\u00e9couvertes dans les HAUTES ANDES p\u00e9ruviennes.<\/p>\n<p>Ces pi\u00e8ces ne sont aujourd'hui plus visibles nulle part sur le march\u00e9 g\u00e9n\u00e9ral.<\/p>\n<p>Des cristaux PYRITES tr\u00e8s brillants avec de magnifiques stries de surface sur MANGANO CALCIT avec quelques cristaux noirs ZINCBLENDE - SPHALERIT.<\/p>\n<p><u>La MANGANO CALCIT montre de superbes couleurs sous la lumi\u00e8re UV !<\/u><\/p>\n<p>Le lieu de d\u00e9couverte vers 1970 \u00e9tait PACHAPAQUI - PASTO BUENO<\/p>\n<p>ANDES - P\u00c9ROU<\/p>\n<p>Poids : 600 g Dimensions : 13 x 10 x 6 cm<\/p>\n<p>La photo 2 est l'arri\u00e8re de la marche - Photos 1 et 2 Lumi\u00e8re du jour 3 et 4 Photos d'int\u00e9rieur<\/p>","protected":false},"excerpt":{"rendered":"<p>Etage min\u00e9ral de premi\u00e8re qualit\u00e9 provenant d'anciennes d\u00e9couvertes dans les HAUTES ANDES p\u00e9ruviennes. Ces pi\u00e8ces ne sont plus disponibles sur le march\u00e9 aujourd'hui. Des cristaux de PYRITE tr\u00e8s brillants avec de belles stries sur la CALCITE MANGANO avec quelques cristaux noirs de SPHALERITE. La CALCITE MANGANO pr\u00e9sente de superbes couleurs \u00e0 la lumi\u00e8re UV. La d\u00e9couverte a eu lieu vers 1970 \u00e0 PACHAPAQUI - [...].<\/p>","protected":false},"featured_media":4142,"template":"","meta":{"_acf_changed":false},"region":[],"product_brand":[],"product_cat":[15],"product_tag":[],"class_list":{"0":"post-2692","1":"product","2":"type-product","3":"status-publish","4":"has-post-thumbnail","6":"product_cat-mineralien","8":"first","9":"outofstock","10":"sold-individually","11":"product-type-simple"},"acf":[],"_links":{"self":[{"href":"https:\/\/westgem.shop\/fr\/wp-json\/wp\/v2\/product\/2692","targetHints":{"allow":["GET"]}}],"collection":[{"href":"https:\/\/westgem.shop\/fr\/wp-json\/wp\/v2\/product"}],"about":[{"href":"https:\/\/westgem.shop\/fr\/wp-json\/wp\/v2\/types\/product"}],"wp:featuredmedia":[{"embeddable":true,"href":"https:\/\/westgem.shop\/fr\/wp-json\/wp\/v2\/media\/4142"}],"wp:attachment":[{"href":"https:\/\/westgem.shop\/fr\/wp-json\/wp\/v2\/media?parent=2692"}],"wp:term":[{"taxonomy":"region","embeddable":true,"href":"https:\/\/westgem.shop\/fr\/wp-json\/wp\/v2\/region?post=2692"},{"taxonomy":"product_brand","embeddable":true,"href":"https:\/\/westgem.shop\/fr\/wp-json\/wp\/v2\/product_brand?post=2692"},{"taxonomy":"product_cat","embeddable":true,"href":"https:\/\/westgem.shop\/fr\/wp-json\/wp\/v2\/product_cat?post=2692"},{"taxonomy":"product_tag","embeddable":true,"href":"https:\/\/westgem.shop\/fr\/wp-json\/wp\/v2\/product_tag?post=2692"}],"curies":[{"name":"wp","href":"https:\/\/api.w.org\/{rel}","templated":true}]}}