{"id":2693,"date":"2001-10-16T00:00:00","date_gmt":"2001-10-16T00:00:00","guid":{"rendered":"https:\/\/miners.rocks\/product\/mangano-calcit-xx-1a-stufe\/"},"modified":"2020-05-19T17:00:57","modified_gmt":"2020-05-19T17:00:57","slug":"mangano-calcit-xx-1a-niveau","status":"publish","type":"product","link":"https:\/\/westgem.shop\/fr\/produit\/mangano-calcit-xx-1a-niveau\/","title":{"rendered":"MANGANO CALCIT xx - niveau 1A"},"content":{"rendered":"<p>Excellent niveau MANGANO CALCIT avec de magnifiques cristaux , Surface avec croissance de 2\u00e8me g\u00e9n\u00e9ration.<\/p>\n<p>Des cristaux SPHALERIT noirs et de la PYRIT xx dor\u00e9e sont \u00e9galement pr\u00e9sents sur la marche.<\/p>\n<p>Des d\u00e9couvertes de PASTO BUENO il y a des d\u00e9cennies, pas de nouveau mat\u00e9riel \u00e0 voir depuis de nombreuses ann\u00e9es.<\/p>\n<p>La MANGANO CALCIT r\u00e9v\u00e8le des couleurs incroyables sous la lumi\u00e8re UV.<\/p>\n<p>Poids : 460 g Dimensions : 12 x 10 x 7 cm<\/p>\n<p>L'image 3 est la face inf\u00e9rieure de la marche<\/p>","protected":false},"excerpt":{"rendered":"<p>Excellent niveau de MANGANO CALCIT avec de magnifiques cristaux, surface avec croissance de 2\u00e8me g\u00e9n\u00e9ration. Sur le niveau, il y a aussi des cristaux noirs de SPHALERITE et de la PYRITE xx dor\u00e9e provenant des d\u00e9couvertes de PASTO BUENO il y a des d\u00e9cennies, aucun nouveau mat\u00e9riau n'a \u00e9t\u00e9 vu depuis de nombreuses ann\u00e9es. La CALCITE MANGANO montre des couleurs incroyables sous la lumi\u00e8re UV. Poids : 460 g Dimensions : 12 x [...]<\/p>","protected":false},"featured_media":4146,"template":"","meta":{"_acf_changed":false},"region":[],"product_brand":[],"product_cat":[15],"product_tag":[],"class_list":{"0":"post-2693","1":"product","2":"type-product","3":"status-publish","4":"has-post-thumbnail","6":"product_cat-mineralien","8":"first","9":"outofstock","10":"sold-individually","11":"product-type-simple"},"acf":[],"_links":{"self":[{"href":"https:\/\/westgem.shop\/fr\/wp-json\/wp\/v2\/product\/2693","targetHints":{"allow":["GET"]}}],"collection":[{"href":"https:\/\/westgem.shop\/fr\/wp-json\/wp\/v2\/product"}],"about":[{"href":"https:\/\/westgem.shop\/fr\/wp-json\/wp\/v2\/types\/product"}],"wp:featuredmedia":[{"embeddable":true,"href":"https:\/\/westgem.shop\/fr\/wp-json\/wp\/v2\/media\/4146"}],"wp:attachment":[{"href":"https:\/\/westgem.shop\/fr\/wp-json\/wp\/v2\/media?parent=2693"}],"wp:term":[{"taxonomy":"region","embeddable":true,"href":"https:\/\/westgem.shop\/fr\/wp-json\/wp\/v2\/region?post=2693"},{"taxonomy":"product_brand","embeddable":true,"href":"https:\/\/westgem.shop\/fr\/wp-json\/wp\/v2\/product_brand?post=2693"},{"taxonomy":"product_cat","embeddable":true,"href":"https:\/\/westgem.shop\/fr\/wp-json\/wp\/v2\/product_cat?post=2693"},{"taxonomy":"product_tag","embeddable":true,"href":"https:\/\/westgem.shop\/fr\/wp-json\/wp\/v2\/product_tag?post=2693"}],"curies":[{"name":"wp","href":"https:\/\/api.w.org\/{rel}","templated":true}]}}