{"id":2694,"date":"2001-10-17T00:00:00","date_gmt":"2001-10-17T00:00:00","guid":{"rendered":"https:\/\/miners.rocks\/product\/pyrit-xx-auf-mangano-calcit-xx-2\/"},"modified":"2020-05-19T17:00:57","modified_gmt":"2020-05-19T17:00:57","slug":"pyrite-xx-sur-manganese-calcite-xx-2","status":"publish","type":"product","link":"https:\/\/westgem.shop\/fr\/produit\/pyrite-xx-sur-manganese-calcite-xx-2\/","title":{"rendered":"PYRIT xx sur MANGANO CALCIT xx"},"content":{"rendered":"<p>Des cristaux de PYRITE tr\u00e8s brillants avec des faces cristallines stri\u00e9es sur des cristaux de MANGANO CALCITE joliment cubiques - avec en plus des cristaux noirs de SPHALERITE = BLEU D'ETIN .<\/p>\n<p>Rare marche ancienne de PASTO BUENO dans les HAUTES ANDES au P\u00c9ROU<\/p>\n<p>Poids : 400 g Dimensions : 13 x 8 x 5 cm<\/p>\n<p>Superbes couleurs UV pour le MANGANO CALCIT<\/p>\n<p>La photo pr\u00e9c\u00e9dente montre la face inf\u00e9rieure.<\/p>","protected":false},"excerpt":{"rendered":"<p>Cristaux de PYRITES tr\u00e8s brillants avec des faces cristallines stri\u00e9es sur des cristaux de MANGANO CALCITES joliment cubiques - avec en plus des cristaux noirs de SPHALERITES = BULLES D'ETIN . Rare marche ancienne de PASTO BUENO dans les HAUTES ANDES au PERU Poids : 400 g Dimensions : 13 x 8 x 5 cm Superbes couleurs UV pour la MANGANO CALCITE La photo pr\u00e9c\u00e9dente montre [...].<\/p>","protected":false},"featured_media":4149,"template":"","meta":{"_acf_changed":false},"region":[],"product_brand":[],"product_cat":[15],"product_tag":[],"class_list":{"0":"post-2694","1":"product","2":"type-product","3":"status-publish","4":"has-post-thumbnail","6":"product_cat-mineralien","8":"first","9":"outofstock","10":"sold-individually","11":"product-type-simple"},"acf":[],"_links":{"self":[{"href":"https:\/\/westgem.shop\/fr\/wp-json\/wp\/v2\/product\/2694","targetHints":{"allow":["GET"]}}],"collection":[{"href":"https:\/\/westgem.shop\/fr\/wp-json\/wp\/v2\/product"}],"about":[{"href":"https:\/\/westgem.shop\/fr\/wp-json\/wp\/v2\/types\/product"}],"wp:featuredmedia":[{"embeddable":true,"href":"https:\/\/westgem.shop\/fr\/wp-json\/wp\/v2\/media\/4149"}],"wp:attachment":[{"href":"https:\/\/westgem.shop\/fr\/wp-json\/wp\/v2\/media?parent=2694"}],"wp:term":[{"taxonomy":"region","embeddable":true,"href":"https:\/\/westgem.shop\/fr\/wp-json\/wp\/v2\/region?post=2694"},{"taxonomy":"product_brand","embeddable":true,"href":"https:\/\/westgem.shop\/fr\/wp-json\/wp\/v2\/product_brand?post=2694"},{"taxonomy":"product_cat","embeddable":true,"href":"https:\/\/westgem.shop\/fr\/wp-json\/wp\/v2\/product_cat?post=2694"},{"taxonomy":"product_tag","embeddable":true,"href":"https:\/\/westgem.shop\/fr\/wp-json\/wp\/v2\/product_tag?post=2694"}],"curies":[{"name":"wp","href":"https:\/\/api.w.org\/{rel}","templated":true}]}}