{"id":2695,"date":"2001-10-18T00:00:00","date_gmt":"2001-10-18T00:00:00","guid":{"rendered":"https:\/\/miners.rocks\/product\/huebnerit-xx-raritaet\/"},"modified":"2020-05-19T17:00:58","modified_gmt":"2020-05-19T17:00:58","slug":"huebnerit-xx-rarete","status":"publish","type":"product","link":"https:\/\/westgem.shop\/fr\/produit\/huebnerit-xx-rarete\/","title":{"rendered":"H\u00dcBNERIT XX - RARET\u00c9"},"content":{"rendered":"<p>Le site de H\u00fcBNERIT a \u00e9t\u00e9 nettoy\u00e9 depuis des d\u00e9cennies, ce qui explique la raret\u00e9 des niveaux de cristal propos\u00e9s sur le march\u00e9.<\/p>\n<p>H\u00fcBNERIT est un min\u00e9ral rare de WOLFRAM , nom du min\u00e9ral d'apr\u00e8s un ing\u00e9nieur minier allemand .<\/p>\n<p>Les cristaux sont en forme de faisceau, prismatiques longs, d'apparence noire brillante, mais avec une lumi\u00e8re de fond rouge intense.<\/p>\n<p>Ces marches en H\u00fcBNERIT ont \u00e9t\u00e9 r\u00e9cup\u00e9r\u00e9es dans les ann\u00e9es 1970 sur un site c\u00e9l\u00e8bre des ANDES p\u00e9ruviennes.<\/p>\n<p>Le min\u00e9ral d'accompagnement est g\u00e9n\u00e9ralement le CRISTAL DE MONTAGNE.<\/p>\n<p>Le prix est vraiment tr\u00e8s avantageux.<\/p>\n<p>Cristaux de H\u00fcBNERIT avec des faces terminales croissantes et non endommag\u00e9es.<\/p>\n<p>localisation de la trouvaille : Pasto Bueno - Ancash - ANDEN - PERU<\/p>\n<p>Poids de la marche<u>0,57 kilogramme Dimensions : 13 x 10 x 5 cm<\/u><\/p>\n<p>Les photos ont \u00e9t\u00e9 prises \u00e0 la lumi\u00e8re du jour (sans participation du soleil ) et montrent la marche de face et de dos.<\/p>\n<p>OFFRE DE COLLECTION \u00e0 MOITI\u00c9 PRIX !<\/p>","protected":false},"excerpt":{"rendered":"<p>Le site de H\u00fcBNERIT a \u00e9t\u00e9 nettoy\u00e9 depuis des d\u00e9cennies, ce qui explique la raret\u00e9 des cristaux propos\u00e9s sur le march\u00e9. H\u00fcBNERIT est un min\u00e9ral rare de WOLFRAM , nom du min\u00e9ral d'apr\u00e8s un ing\u00e9nieur minier allemand. Les cristaux sont en faisceau, prismatiques, d'apparence noire et brillante mais d'un rouge intense \u00e0 la lumi\u00e8re de fond. Ces niveaux H\u00fcBNERIT ont \u00e9t\u00e9 d\u00e9couverts dans les ann\u00e9es 1970 sur un site [...].<\/p>","protected":false},"featured_media":4153,"template":"","meta":{"_acf_changed":false},"region":[],"product_brand":[],"product_cat":[15],"product_tag":[],"class_list":{"0":"post-2695","1":"product","2":"type-product","3":"status-publish","4":"has-post-thumbnail","6":"product_cat-mineralien","8":"first","9":"outofstock","10":"sold-individually","11":"product-type-simple"},"acf":[],"_links":{"self":[{"href":"https:\/\/westgem.shop\/fr\/wp-json\/wp\/v2\/product\/2695","targetHints":{"allow":["GET"]}}],"collection":[{"href":"https:\/\/westgem.shop\/fr\/wp-json\/wp\/v2\/product"}],"about":[{"href":"https:\/\/westgem.shop\/fr\/wp-json\/wp\/v2\/types\/product"}],"wp:featuredmedia":[{"embeddable":true,"href":"https:\/\/westgem.shop\/fr\/wp-json\/wp\/v2\/media\/4153"}],"wp:attachment":[{"href":"https:\/\/westgem.shop\/fr\/wp-json\/wp\/v2\/media?parent=2695"}],"wp:term":[{"taxonomy":"region","embeddable":true,"href":"https:\/\/westgem.shop\/fr\/wp-json\/wp\/v2\/region?post=2695"},{"taxonomy":"product_brand","embeddable":true,"href":"https:\/\/westgem.shop\/fr\/wp-json\/wp\/v2\/product_brand?post=2695"},{"taxonomy":"product_cat","embeddable":true,"href":"https:\/\/westgem.shop\/fr\/wp-json\/wp\/v2\/product_cat?post=2695"},{"taxonomy":"product_tag","embeddable":true,"href":"https:\/\/westgem.shop\/fr\/wp-json\/wp\/v2\/product_tag?post=2695"}],"curies":[{"name":"wp","href":"https:\/\/api.w.org\/{rel}","templated":true}]}}