{"id":2697,"date":"2001-10-20T00:00:00","date_gmt":"2001-10-20T00:00:00","guid":{"rendered":"https:\/\/miners.rocks\/product\/bergkristall-xx-hoch-anden\/"},"modified":"2020-05-19T17:00:59","modified_gmt":"2020-05-19T17:00:59","slug":"cristal-de-roche-xx-haut-anden","status":"publish","type":"product","link":"https:\/\/westgem.shop\/fr\/produit\/cristal-de-roche-xx-haut-anden\/","title":{"rendered":"CRISTAL DE MONTAGNE xx - HAUTES ANDES"},"content":{"rendered":"<p>Tr\u00e8s belle marche en CRISTAL DE MONTAGNE, tr\u00e8s esth\u00e9tique, claire, transparente.<\/p>\n<p>Ce niveau cristallin provient \u00e9galement des anciennes d\u00e9couvertes de la r\u00e9gion ANDEN ANCASH au PERU .<\/p>\n<p>La marchandise en CRISTAL DE MONTAGNE qui est propos\u00e9e aujourd'hui en provenance du P\u00e9rou n'a malheureusement plus cette qualit\u00e9 et surtout cette brillance.<\/p>\n<p>Marchepied de pointe, qui a malheureusement \u00e9t\u00e9 un peu endommag\u00e9 sur une face d'extr\u00e9mit\u00e9 du cristal lors du transport outre-Atlantique, en raison d'un emballage d\u00e9fectueux.<\/p>\n<p>Nous en avons tenu compte dans le prix et <u>r\u00e9duit de - 50 %.<\/u><\/p>\n<p>Poids de la marche : 550 g Dimensions : 12 x 11 x 6 cm<\/p>","protected":false},"excerpt":{"rendered":"<p>Tr\u00e8s beau niveau en CRISTAL DE MONTAGNE, tr\u00e8s esth\u00e9tique, clair, transparent. Cette marche en cristal provient \u00e9galement des anciennes d\u00e9couvertes de la r\u00e9gion des ANDES d'ANCASH au P\u00c9ROU . La marchandise en CRISTAL DE MONTAGNE que l'on trouve aujourd'hui au P\u00e9rou n'a malheureusement plus cette qualit\u00e9 et surtout cette brillance. Le niveau de pointe, qui a malheureusement \u00e9t\u00e9 endommag\u00e9 lors de son transport \u00e0 travers l'Atlantique [...].<\/p>","protected":false},"featured_media":4160,"template":"","meta":{"_acf_changed":false},"region":[],"product_brand":[],"product_cat":[15],"product_tag":[],"class_list":{"0":"post-2697","1":"product","2":"type-product","3":"status-publish","4":"has-post-thumbnail","6":"product_cat-mineralien","8":"first","9":"outofstock","10":"sold-individually","11":"product-type-simple"},"acf":[],"_links":{"self":[{"href":"https:\/\/westgem.shop\/fr\/wp-json\/wp\/v2\/product\/2697","targetHints":{"allow":["GET"]}}],"collection":[{"href":"https:\/\/westgem.shop\/fr\/wp-json\/wp\/v2\/product"}],"about":[{"href":"https:\/\/westgem.shop\/fr\/wp-json\/wp\/v2\/types\/product"}],"wp:featuredmedia":[{"embeddable":true,"href":"https:\/\/westgem.shop\/fr\/wp-json\/wp\/v2\/media\/4160"}],"wp:attachment":[{"href":"https:\/\/westgem.shop\/fr\/wp-json\/wp\/v2\/media?parent=2697"}],"wp:term":[{"taxonomy":"region","embeddable":true,"href":"https:\/\/westgem.shop\/fr\/wp-json\/wp\/v2\/region?post=2697"},{"taxonomy":"product_brand","embeddable":true,"href":"https:\/\/westgem.shop\/fr\/wp-json\/wp\/v2\/product_brand?post=2697"},{"taxonomy":"product_cat","embeddable":true,"href":"https:\/\/westgem.shop\/fr\/wp-json\/wp\/v2\/product_cat?post=2697"},{"taxonomy":"product_tag","embeddable":true,"href":"https:\/\/westgem.shop\/fr\/wp-json\/wp\/v2\/product_tag?post=2697"}],"curies":[{"name":"wp","href":"https:\/\/api.w.org\/{rel}","templated":true}]}}