{"id":2698,"date":"2011-06-21T00:00:00","date_gmt":"2011-06-21T00:00:00","guid":{"rendered":"https:\/\/miners.rocks\/product\/superstufe-bergkristall-xx\/"},"modified":"2024-02-03T07:44:45","modified_gmt":"2024-02-03T07:44:45","slug":"super-niveau-cristal-de-roche-xx","status":"publish","type":"product","link":"https:\/\/westgem.shop\/fr\/produit\/super-niveau-cristal-de-roche-xx\/","title":{"rendered":"SUPERSTUFE - CRISTAL DE MONTAGNE xx"},"content":{"rendered":"<p>Un niveau de collectionneur de pointe - on voit habituellement de tels cristaux en premi\u00e8re page des magazines sp\u00e9cialis\u00e9s internationaux.<\/p>\n<p>Fine marche en CRISTAL DE MONTAGNE avec des cristaux totalement transparents avec des faces terminales intactes et avec beaucoup de H\u00dcBNERIT xx .<\/p>\n<p><strong>H\u00dcBNERIT est un min\u00e9ral WOLFRAM tr\u00e8s RARE<\/strong> . Les cristaux sont tr\u00e8s brillants, d'apparence noire, mais sont <strong>en lumi\u00e8re transmise ROUGE intense !<\/strong><\/p>\n<p><strong>Les cristaux de H\u00fcBNERIT ont en partie pouss\u00e9 \u00e0 travers le CRISTAL DE MONTAGNE .<\/strong><\/p>\n<p>D\u00e9couvertes de sites \u00e9puis\u00e9s depuis longtemps . Des TOPRARIT\u00c9S. Aujourd'hui, il faut avoir beaucoup de chance pour en trouver.<\/p>\n<p>PACHAPAQUI - PASTO BUENO - HAUTES ANDES - P\u00c9ROU<\/p>\n<p>Poids de la marche : 650 g<\/p>\n<p><u> Dimensions : 16 x 11 x 6 cm<\/u><\/p>\n<p>Le niveau est encore plus beau en nature que sur les photos, en particulier les petits clusters de cristal de roche brillants qui ont pouss\u00e9 comme des arbres avec des HUBNERITES au milieu. <strong>SENSATIONNELLE !<\/strong><\/p>\n<p>SUPER COLLECTIONNEUR - EN LIGNE - PRIX !<\/p>","protected":false},"excerpt":{"rendered":"<p>Un niveau de collection de pointe - on voit habituellement de tels cristaux en premi\u00e8re page des magazines sp\u00e9cialis\u00e9s internationaux. Un beau niveau de CRISTAL DE MONTAGNE avec des cristaux totalement transparents, des faces terminales intactes et beaucoup de H\u00dcBNERIT xx . La H\u00dcBNERIT est un min\u00e9ral WOLFRAM tr\u00e8s rare. Les cristaux sont tr\u00e8s brillants, paraissent noirs, mais en lumi\u00e8re transmise ils sont intens\u00e9ment ROUGES ! En partie, les [...]<\/p>","protected":false},"featured_media":4163,"template":"","meta":{"_acf_changed":false},"region":[62],"product_brand":[],"product_cat":[22,19],"product_tag":[],"class_list":{"0":"post-2698","1":"product","2":"type-product","3":"status-publish","4":"has-post-thumbnail","6":"region-afrika","7":"product_cat-allgemein","8":"product_cat-kristallstufen","10":"first","11":"outofstock","12":"sold-individually","13":"product-type-simple"},"acf":[],"_links":{"self":[{"href":"https:\/\/westgem.shop\/fr\/wp-json\/wp\/v2\/product\/2698","targetHints":{"allow":["GET"]}}],"collection":[{"href":"https:\/\/westgem.shop\/fr\/wp-json\/wp\/v2\/product"}],"about":[{"href":"https:\/\/westgem.shop\/fr\/wp-json\/wp\/v2\/types\/product"}],"wp:featuredmedia":[{"embeddable":true,"href":"https:\/\/westgem.shop\/fr\/wp-json\/wp\/v2\/media\/4163"}],"wp:attachment":[{"href":"https:\/\/westgem.shop\/fr\/wp-json\/wp\/v2\/media?parent=2698"}],"wp:term":[{"taxonomy":"region","embeddable":true,"href":"https:\/\/westgem.shop\/fr\/wp-json\/wp\/v2\/region?post=2698"},{"taxonomy":"product_brand","embeddable":true,"href":"https:\/\/westgem.shop\/fr\/wp-json\/wp\/v2\/product_brand?post=2698"},{"taxonomy":"product_cat","embeddable":true,"href":"https:\/\/westgem.shop\/fr\/wp-json\/wp\/v2\/product_cat?post=2698"},{"taxonomy":"product_tag","embeddable":true,"href":"https:\/\/westgem.shop\/fr\/wp-json\/wp\/v2\/product_tag?post=2698"}],"curies":[{"name":"wp","href":"https:\/\/api.w.org\/{rel}","templated":true}]}}