{"id":2699,"date":"2002-05-22T00:00:00","date_gmt":"2002-05-22T00:00:00","guid":{"rendered":"https:\/\/miners.rocks\/product\/raritaet-huebnerit-xx\/"},"modified":"2024-02-03T07:53:15","modified_gmt":"2024-02-03T07:53:15","slug":"rarete-huebnerit-xx","status":"publish","type":"product","link":"https:\/\/westgem.shop\/fr\/produit\/rarete-huebnerit-xx\/","title":{"rendered":"RARIT\u00c9 - H\u00dcBNERIT xx"},"content":{"rendered":"<p><strong>\u00a0NIVEAU TOP .<\/strong><\/p>\n<p><strong>Incroyable marche en cristal H\u00dcBNERIT avec \" eau claire \" CRISTAL DE MONTAGNE xx<\/strong><\/p>\n<p><strong>H\u00dcBNERIT (nom d'apr\u00e8s un ing\u00e9nieur minier allemand) min\u00e9ral WOLFRAM tr\u00e8s rare.<\/strong><\/p>\n<p><strong>Cristaux brillants avec surfaces terminales, optiquement noirs mais rouge intense sur les bords translucides<\/strong> !<\/p>\n<p><u>De telles pi\u00e8ces ne sont plus disponibles sur le march\u00e9 depuis longtemps.<\/u><\/p>\n<p>localisation de la trouvaille : PACHAPAQUI - PASTO BUENO - ANDEN PERU<\/p>\n<p>poids : 720 g<\/p>\n<p>Dimensions : 11 x 8 x 7 cm<\/p>\n<p>L'image 4 est l'arri\u00e8re de la marche<\/p>\n<p>\u00c9TAPE DE CRISTAL DE TOP - POUR LES CAMEURS D'EXCELLENCE<\/p>","protected":false},"excerpt":{"rendered":"<p>\u00a0\u00c9TAPE TOP . Incroyable niveau de cristal H\u00dcBNERIT avec du CRISTAL DE MONTAGNE \" Clair comme de l'eau \" xx H\u00dcBNERIT (nom d'apr\u00e8s un ing\u00e9nieur minier allemand) min\u00e9ral WOLFRAM tr\u00e8s rare. Cristaux tr\u00e8s brillants avec des faces terminales, optiquement noires mais d'un rouge intense sur les bords translucides ! De telles pi\u00e8ces ne sont plus disponibles sur le march\u00e9 depuis longtemps. Lieu de d\u00e9couverte : PACHAPAQUI - PASTO BUENO - ANDEN [...]<\/p>","protected":false},"featured_media":4168,"template":"","meta":{"_acf_changed":false},"region":[],"product_brand":[],"product_cat":[19],"product_tag":[],"class_list":{"0":"post-2699","1":"product","2":"type-product","3":"status-publish","4":"has-post-thumbnail","6":"product_cat-kristallstufen","8":"first","9":"outofstock","10":"sold-individually","11":"product-type-simple"},"acf":[],"_links":{"self":[{"href":"https:\/\/westgem.shop\/fr\/wp-json\/wp\/v2\/product\/2699","targetHints":{"allow":["GET"]}}],"collection":[{"href":"https:\/\/westgem.shop\/fr\/wp-json\/wp\/v2\/product"}],"about":[{"href":"https:\/\/westgem.shop\/fr\/wp-json\/wp\/v2\/types\/product"}],"wp:featuredmedia":[{"embeddable":true,"href":"https:\/\/westgem.shop\/fr\/wp-json\/wp\/v2\/media\/4168"}],"wp:attachment":[{"href":"https:\/\/westgem.shop\/fr\/wp-json\/wp\/v2\/media?parent=2699"}],"wp:term":[{"taxonomy":"region","embeddable":true,"href":"https:\/\/westgem.shop\/fr\/wp-json\/wp\/v2\/region?post=2699"},{"taxonomy":"product_brand","embeddable":true,"href":"https:\/\/westgem.shop\/fr\/wp-json\/wp\/v2\/product_brand?post=2699"},{"taxonomy":"product_cat","embeddable":true,"href":"https:\/\/westgem.shop\/fr\/wp-json\/wp\/v2\/product_cat?post=2699"},{"taxonomy":"product_tag","embeddable":true,"href":"https:\/\/westgem.shop\/fr\/wp-json\/wp\/v2\/product_tag?post=2699"}],"curies":[{"name":"wp","href":"https:\/\/api.w.org\/{rel}","templated":true}]}}