{"id":2700,"date":"2001-10-23T00:00:00","date_gmt":"2001-10-23T00:00:00","guid":{"rendered":"https:\/\/miners.rocks\/product\/1-a-bergkristall-xx\/"},"modified":"2020-05-19T17:01:02","modified_gmt":"2020-05-19T17:01:02","slug":"1-a-cristal-de-roche-xx","status":"publish","type":"product","link":"https:\/\/westgem.shop\/fr\/produit\/1-a-cristal-de-roche-xx\/","title":{"rendered":"1 A CRISTAL DE MONTAGNE xx"},"content":{"rendered":"<p>Marche en cristal de roche , transparent , brillant , belles finitions .<\/p>\n<p>A partir d'anciennes d\u00e9couvertes dans la r\u00e9gion ANDEN ANCASH .<\/p>\n<p>C'est de ce site que proviennent les fameuses H\u00fcBNERITE.<\/p>\n<p>PASTO BUENO - ANDIN - P\u00c9ROU<\/p>\n<p>Poids : 110 g Dimensions : 8 x 7 x 5,5 cm<\/p>","protected":false},"excerpt":{"rendered":"<p>Niveau de cristal de roche , transparent , brillant , belles finitions . Provenant d'anciennes d\u00e9couvertes dans la r\u00e9gion ANDEN de ANCASH . C'est de ce site que proviennent les fameuses H\u00fcBNERITE . PASTO BUENO - ANDEN - PERU Poids : 110 g Dimensions : 8 x 7 x 5,5 cm<\/p>","protected":false},"featured_media":4172,"template":"","meta":{"_acf_changed":false},"region":[],"product_brand":[],"product_cat":[15],"product_tag":[],"class_list":{"0":"post-2700","1":"product","2":"type-product","3":"status-publish","4":"has-post-thumbnail","6":"product_cat-mineralien","8":"first","9":"outofstock","10":"sold-individually","11":"product-type-simple"},"acf":[],"_links":{"self":[{"href":"https:\/\/westgem.shop\/fr\/wp-json\/wp\/v2\/product\/2700","targetHints":{"allow":["GET"]}}],"collection":[{"href":"https:\/\/westgem.shop\/fr\/wp-json\/wp\/v2\/product"}],"about":[{"href":"https:\/\/westgem.shop\/fr\/wp-json\/wp\/v2\/types\/product"}],"wp:featuredmedia":[{"embeddable":true,"href":"https:\/\/westgem.shop\/fr\/wp-json\/wp\/v2\/media\/4172"}],"wp:attachment":[{"href":"https:\/\/westgem.shop\/fr\/wp-json\/wp\/v2\/media?parent=2700"}],"wp:term":[{"taxonomy":"region","embeddable":true,"href":"https:\/\/westgem.shop\/fr\/wp-json\/wp\/v2\/region?post=2700"},{"taxonomy":"product_brand","embeddable":true,"href":"https:\/\/westgem.shop\/fr\/wp-json\/wp\/v2\/product_brand?post=2700"},{"taxonomy":"product_cat","embeddable":true,"href":"https:\/\/westgem.shop\/fr\/wp-json\/wp\/v2\/product_cat?post=2700"},{"taxonomy":"product_tag","embeddable":true,"href":"https:\/\/westgem.shop\/fr\/wp-json\/wp\/v2\/product_tag?post=2700"}],"curies":[{"name":"wp","href":"https:\/\/api.w.org\/{rel}","templated":true}]}}