{"id":2701,"date":"2001-10-24T00:00:00","date_gmt":"2001-10-24T00:00:00","guid":{"rendered":"https:\/\/miners.rocks\/product\/versteinerte-fische-wyoming\/"},"modified":"2020-05-19T17:01:02","modified_gmt":"2020-05-19T17:01:02","slug":"poissons-fossilises-wyoming","status":"publish","type":"product","link":"https:\/\/westgem.shop\/fr\/produit\/poissons-fossilises-wyoming\/","title":{"rendered":"Poissons p\u00e9trifi\u00e9s - WYOMING"},"content":{"rendered":"<p>1 plaque A avec des POISSONS P\u00e9trifi\u00e9s - environ 55 millions d'ann\u00e9es .<\/p>\n<p>Poissons osseux KNIGHTIA - petit banc dans la matrice originale<\/p>\n<p>Tr\u00e8s beaux d\u00e9tails reconnaissables .<\/p>\n<p>localisation de la trouvaille : Green River Formation<\/p>\n<p>WYOMING - \u00c9TATS-UNIS<\/p>\n<p>Poids : 660 g Dimensions : 15,5 x 12 x 2,5 cm Poissons jusqu'\u00e0 10 cm de long.<\/p>","protected":false},"excerpt":{"rendered":"<p>1 plaque A avec poissons fossilis\u00e9s - environ 55 millions d'ann\u00e9es . Poissons osseux KNIGHTIA - petit banc dans matrice originale Tr\u00e8s beaux d\u00e9tails reconnaissables . Lieu de d\u00e9couverte : Green River Formation WYOMING - USA Poids : 660 g Dimensions : 15,5 x 12 x 2,5 cm Poissons jusqu'\u00e0 10 cm de long.<\/p>","protected":false},"featured_media":4174,"template":"","meta":{"_acf_changed":false},"region":[],"product_brand":[],"product_cat":[15],"product_tag":[],"class_list":{"0":"post-2701","1":"product","2":"type-product","3":"status-publish","4":"has-post-thumbnail","6":"product_cat-mineralien","8":"first","9":"outofstock","10":"sold-individually","11":"product-type-simple"},"acf":[],"_links":{"self":[{"href":"https:\/\/westgem.shop\/fr\/wp-json\/wp\/v2\/product\/2701","targetHints":{"allow":["GET"]}}],"collection":[{"href":"https:\/\/westgem.shop\/fr\/wp-json\/wp\/v2\/product"}],"about":[{"href":"https:\/\/westgem.shop\/fr\/wp-json\/wp\/v2\/types\/product"}],"wp:featuredmedia":[{"embeddable":true,"href":"https:\/\/westgem.shop\/fr\/wp-json\/wp\/v2\/media\/4174"}],"wp:attachment":[{"href":"https:\/\/westgem.shop\/fr\/wp-json\/wp\/v2\/media?parent=2701"}],"wp:term":[{"taxonomy":"region","embeddable":true,"href":"https:\/\/westgem.shop\/fr\/wp-json\/wp\/v2\/region?post=2701"},{"taxonomy":"product_brand","embeddable":true,"href":"https:\/\/westgem.shop\/fr\/wp-json\/wp\/v2\/product_brand?post=2701"},{"taxonomy":"product_cat","embeddable":true,"href":"https:\/\/westgem.shop\/fr\/wp-json\/wp\/v2\/product_cat?post=2701"},{"taxonomy":"product_tag","embeddable":true,"href":"https:\/\/westgem.shop\/fr\/wp-json\/wp\/v2\/product_tag?post=2701"}],"curies":[{"name":"wp","href":"https:\/\/api.w.org\/{rel}","templated":true}]}}