{"id":2702,"date":"2001-10-25T00:00:00","date_gmt":"2001-10-25T00:00:00","guid":{"rendered":"https:\/\/miners.rocks\/product\/versteinerte-fische-55-mio-jahre-alt\/"},"modified":"2020-05-19T17:01:03","modified_gmt":"2020-05-19T17:01:03","slug":"des-poissons-fossilises-vieux-de-55-millions-dannees","status":"publish","type":"product","link":"https:\/\/westgem.shop\/fr\/produit\/des-poissons-fossilises-vieux-de-55-millions-dannees\/","title":{"rendered":"Poissons fossilis\u00e9s - vieux de 55 millions d'ann\u00e9es"},"content":{"rendered":"<p>Tr\u00e8s, tr\u00e8s belle plaque originale avec 3 poissons osseux fossilis\u00e9s<\/p>\n<p>Le c\u00e9l\u00e8bre site de d\u00e9couverte de ces fossiles est la<\/p>\n<p>GREEN RIVER FORMATION \u00e0 WYOMING - USA<\/p>\n<p>Poids de la plaque : 570 g Dimensions : 15 x 11,5 x 2 cm<\/p>","protected":false},"excerpt":{"rendered":"<p>Tr\u00e8s, tr\u00e8s belle plaque originale avec 3 poissons osseux fossilis\u00e9s Le c\u00e9l\u00e8bre site de d\u00e9couverte de ces fossiles est la GREEN RIVER FORMATION \u00e0 WYOMING - USA Poids de la plaque : 570 g Dimensions : 15 x 11,5 x 2 cm<\/p>","protected":false},"featured_media":4177,"template":"","meta":{"_acf_changed":false},"region":[],"product_brand":[],"product_cat":[15],"product_tag":[],"class_list":{"0":"post-2702","1":"product","2":"type-product","3":"status-publish","4":"has-post-thumbnail","6":"product_cat-mineralien","8":"first","9":"outofstock","10":"sold-individually","11":"product-type-simple"},"acf":[],"_links":{"self":[{"href":"https:\/\/westgem.shop\/fr\/wp-json\/wp\/v2\/product\/2702","targetHints":{"allow":["GET"]}}],"collection":[{"href":"https:\/\/westgem.shop\/fr\/wp-json\/wp\/v2\/product"}],"about":[{"href":"https:\/\/westgem.shop\/fr\/wp-json\/wp\/v2\/types\/product"}],"wp:featuredmedia":[{"embeddable":true,"href":"https:\/\/westgem.shop\/fr\/wp-json\/wp\/v2\/media\/4177"}],"wp:attachment":[{"href":"https:\/\/westgem.shop\/fr\/wp-json\/wp\/v2\/media?parent=2702"}],"wp:term":[{"taxonomy":"region","embeddable":true,"href":"https:\/\/westgem.shop\/fr\/wp-json\/wp\/v2\/region?post=2702"},{"taxonomy":"product_brand","embeddable":true,"href":"https:\/\/westgem.shop\/fr\/wp-json\/wp\/v2\/product_brand?post=2702"},{"taxonomy":"product_cat","embeddable":true,"href":"https:\/\/westgem.shop\/fr\/wp-json\/wp\/v2\/product_cat?post=2702"},{"taxonomy":"product_tag","embeddable":true,"href":"https:\/\/westgem.shop\/fr\/wp-json\/wp\/v2\/product_tag?post=2702"}],"curies":[{"name":"wp","href":"https:\/\/api.w.org\/{rel}","templated":true}]}}