{"id":2703,"date":"2001-10-26T00:00:00","date_gmt":"2001-10-26T00:00:00","guid":{"rendered":"https:\/\/miners.rocks\/product\/chalcedon-feuerstein-herz-aa\/"},"modified":"2020-05-19T17:01:03","modified_gmt":"2020-05-19T17:01:03","slug":"chalcedoine-silex-coeur-aa","status":"publish","type":"product","link":"https:\/\/westgem.shop\/fr\/produit\/chalcedoine-silex-coeur-aa\/","title":{"rendered":"CALC\u00c9DOINE SILEX - C\u0152UR AA"},"content":{"rendered":"<p>C\u0152UR \"JUMBO\" poli \u00e0 la main et de premi\u00e8re qualit\u00e9.<\/p>\n<p>PIERRE DE CHALCEDON de Madagascar . POLYCHROME = Polyvalent<\/p>\n<p>Des couleurs et des motifs superbes.<\/p>\n<p>Poids : 240 g Dimensions : 8 x 8 x 4 cm<\/p>","protected":false},"excerpt":{"rendered":"<p>C\u0152UR \"JUMBO\" taill\u00e9 \u00e0 la main et poli de premi\u00e8re qualit\u00e9 . PIERRE DE CHALCEDON de Madagascar . POLYCHROME = POLYCHROME Superbes couleurs et motifs . Poids : 240 g Dimensions : 8 x 8 x 4 cm<\/p>","protected":false},"featured_media":4180,"template":"","meta":{"_acf_changed":false},"region":[],"product_brand":[],"product_cat":[15],"product_tag":[],"class_list":{"0":"post-2703","1":"product","2":"type-product","3":"status-publish","4":"has-post-thumbnail","6":"product_cat-mineralien","8":"first","9":"outofstock","10":"sold-individually","11":"product-type-simple"},"acf":[],"_links":{"self":[{"href":"https:\/\/westgem.shop\/fr\/wp-json\/wp\/v2\/product\/2703","targetHints":{"allow":["GET"]}}],"collection":[{"href":"https:\/\/westgem.shop\/fr\/wp-json\/wp\/v2\/product"}],"about":[{"href":"https:\/\/westgem.shop\/fr\/wp-json\/wp\/v2\/types\/product"}],"wp:featuredmedia":[{"embeddable":true,"href":"https:\/\/westgem.shop\/fr\/wp-json\/wp\/v2\/media\/4180"}],"wp:attachment":[{"href":"https:\/\/westgem.shop\/fr\/wp-json\/wp\/v2\/media?parent=2703"}],"wp:term":[{"taxonomy":"region","embeddable":true,"href":"https:\/\/westgem.shop\/fr\/wp-json\/wp\/v2\/region?post=2703"},{"taxonomy":"product_brand","embeddable":true,"href":"https:\/\/westgem.shop\/fr\/wp-json\/wp\/v2\/product_brand?post=2703"},{"taxonomy":"product_cat","embeddable":true,"href":"https:\/\/westgem.shop\/fr\/wp-json\/wp\/v2\/product_cat?post=2703"},{"taxonomy":"product_tag","embeddable":true,"href":"https:\/\/westgem.shop\/fr\/wp-json\/wp\/v2\/product_tag?post=2703"}],"curies":[{"name":"wp","href":"https:\/\/api.w.org\/{rel}","templated":true}]}}