{"id":2704,"date":"2001-10-27T00:00:00","date_gmt":"2001-10-27T00:00:00","guid":{"rendered":"https:\/\/miners.rocks\/product\/cinnabarit-xx-in-quarz-kaernten\/"},"modified":"2024-02-03T07:51:21","modified_gmt":"2024-02-03T07:51:21","slug":"cinnabarite-xx-dans-quartz-kaernten","status":"publish","type":"product","link":"https:\/\/westgem.shop\/fr\/produit\/cinnabarite-xx-dans-quartz-kaernten\/","title":{"rendered":"CINNABARITE xx dans le quartz - COURGNE"},"content":{"rendered":"<p>Ancienne pi\u00e8ce provenant de d\u00e9couvertes pass\u00e9es dans l'ancienne mine de QUECKSILBER dans le BUCHHOLZGRABEN au pied du GOLDECKS en Haute-Carinthie.<\/p>\n<p>Teneur en ZINNOBER rouge sang dans les ADERNES de quartz de la matrice calcaire<\/p>\n<p>et avec de petits PYRIT xx<\/p>\n<p>Le ZINNOBER ou CINNABARYT est un minerai de QUECKSILBER que l'on trouvait autrefois en Carinthie sur deux sites connus. Dans la galerie du Buchholzgraben, qui n'est plus accessible aujourd'hui, et au Hohen Kor sur le Turrach.<\/p>\n<p>Grande pi\u00e8ce avec beaucoup d'ADERNES de quartz avec des parties de ZINNOBER, photographi\u00e9e de plusieurs c\u00f4t\u00e9s.<\/p>\n<p>Poids : 790 g Dimensions : 13 x 9 x 6 cm<\/p>","protected":false},"excerpt":{"rendered":"<p>Ancienne pi\u00e8ce provenant de d\u00e9couvertes pass\u00e9es dans l'ancienne mine de QUECKSILBER dans le BUCHHOLZGRABEN au pied du GOLDECKS en Haute Carinthie. Le ZINNOBER ou CINNABARYT est un minerai de QUECKSILBER que l'on trouvait autrefois en Carinthie sur deux sites connus. Dans la galerie du Buchholzgraben, qui n'est plus accessible aujourd'hui, [...].<\/p>","protected":false},"featured_media":4183,"template":"","meta":{"_acf_changed":false},"region":[],"product_brand":[],"product_cat":[19],"product_tag":[],"class_list":{"0":"post-2704","1":"product","2":"type-product","3":"status-publish","4":"has-post-thumbnail","6":"product_cat-kristallstufen","8":"first","9":"outofstock","10":"sold-individually","11":"product-type-simple"},"acf":[],"_links":{"self":[{"href":"https:\/\/westgem.shop\/fr\/wp-json\/wp\/v2\/product\/2704","targetHints":{"allow":["GET"]}}],"collection":[{"href":"https:\/\/westgem.shop\/fr\/wp-json\/wp\/v2\/product"}],"about":[{"href":"https:\/\/westgem.shop\/fr\/wp-json\/wp\/v2\/types\/product"}],"wp:featuredmedia":[{"embeddable":true,"href":"https:\/\/westgem.shop\/fr\/wp-json\/wp\/v2\/media\/4183"}],"wp:attachment":[{"href":"https:\/\/westgem.shop\/fr\/wp-json\/wp\/v2\/media?parent=2704"}],"wp:term":[{"taxonomy":"region","embeddable":true,"href":"https:\/\/westgem.shop\/fr\/wp-json\/wp\/v2\/region?post=2704"},{"taxonomy":"product_brand","embeddable":true,"href":"https:\/\/westgem.shop\/fr\/wp-json\/wp\/v2\/product_brand?post=2704"},{"taxonomy":"product_cat","embeddable":true,"href":"https:\/\/westgem.shop\/fr\/wp-json\/wp\/v2\/product_cat?post=2704"},{"taxonomy":"product_tag","embeddable":true,"href":"https:\/\/westgem.shop\/fr\/wp-json\/wp\/v2\/product_tag?post=2704"}],"curies":[{"name":"wp","href":"https:\/\/api.w.org\/{rel}","templated":true}]}}