{"id":2705,"date":"2001-10-28T00:00:00","date_gmt":"2001-10-28T00:00:00","guid":{"rendered":"https:\/\/miners.rocks\/product\/dendriten-calcit-nord-afrika\/"},"modified":"2020-05-19T17:01:04","modified_gmt":"2020-05-19T17:01:04","slug":"dendrites-calcites-afrique-du-nord","status":"publish","type":"product","link":"https:\/\/westgem.shop\/fr\/produit\/dendrites-calcites-afrique-du-nord\/","title":{"rendered":"DENDRITES CALCITES - AFRIQUE DU NORD"},"content":{"rendered":"<p>Magnifiques \"petits arbres\" de MANGAN DENDRITS - en trois dimensions Cultiv\u00e9s dans de la CALCITE blanche comme la neige .<\/p>\n<p>Des pi\u00e8ces inhabituelles qui n'ont pratiquement pas \u00e9t\u00e9 vues sur le march\u00e9 depuis de nombreuses ann\u00e9es.<\/p>\n<p>Trouv\u00e9 \u00e0 Midelt dans les montagnes d'Atlas en Afrique du Nord.<\/p>\n<p>Poids : 270 g Dimensions : 10 x 7 x 3 cm<\/p>\n<p>Les photos montrent l'avant - l'arri\u00e8re et le c\u00f4t\u00e9 .<\/p>","protected":false},"excerpt":{"rendered":"<p>Magnifiques \"petits arbres\" de MANGAN DENDRITS - en trois dimensions cultiv\u00e9s dans de la CALCITE blanche comme la neige. Des pi\u00e8ces inhabituelles, qui ne sont pratiquement plus visibles sur le march\u00e9 depuis de nombreuses ann\u00e9es. Poids : 270 g Dimensions : 10 x 7 x 3 cm Les photos montrent l'avant, l'arri\u00e8re et le c\u00f4t\u00e9.<\/p>","protected":false},"featured_media":4188,"template":"","meta":{"_acf_changed":false},"region":[],"product_brand":[],"product_cat":[15],"product_tag":[],"class_list":{"0":"post-2705","1":"product","2":"type-product","3":"status-publish","4":"has-post-thumbnail","6":"product_cat-mineralien","8":"first","9":"outofstock","10":"sold-individually","11":"product-type-simple"},"acf":[],"_links":{"self":[{"href":"https:\/\/westgem.shop\/fr\/wp-json\/wp\/v2\/product\/2705","targetHints":{"allow":["GET"]}}],"collection":[{"href":"https:\/\/westgem.shop\/fr\/wp-json\/wp\/v2\/product"}],"about":[{"href":"https:\/\/westgem.shop\/fr\/wp-json\/wp\/v2\/types\/product"}],"wp:featuredmedia":[{"embeddable":true,"href":"https:\/\/westgem.shop\/fr\/wp-json\/wp\/v2\/media\/4188"}],"wp:attachment":[{"href":"https:\/\/westgem.shop\/fr\/wp-json\/wp\/v2\/media?parent=2705"}],"wp:term":[{"taxonomy":"region","embeddable":true,"href":"https:\/\/westgem.shop\/fr\/wp-json\/wp\/v2\/region?post=2705"},{"taxonomy":"product_brand","embeddable":true,"href":"https:\/\/westgem.shop\/fr\/wp-json\/wp\/v2\/product_brand?post=2705"},{"taxonomy":"product_cat","embeddable":true,"href":"https:\/\/westgem.shop\/fr\/wp-json\/wp\/v2\/product_cat?post=2705"},{"taxonomy":"product_tag","embeddable":true,"href":"https:\/\/westgem.shop\/fr\/wp-json\/wp\/v2\/product_tag?post=2705"}],"curies":[{"name":"wp","href":"https:\/\/api.w.org\/{rel}","templated":true}]}}