{"id":2706,"date":"2001-10-29T00:00:00","date_gmt":"2001-10-29T00:00:00","guid":{"rendered":"https:\/\/miners.rocks\/product\/rostige-pyrite-auf-mangano-calcit-xx\/"},"modified":"2020-05-19T17:01:05","modified_gmt":"2020-05-19T17:01:05","slug":"pyrite-rouillee-sur-calcite-manganese-xx","status":"publish","type":"product","link":"https:\/\/westgem.shop\/fr\/produit\/pyrite-rouillee-sur-calcite-manganese-xx\/","title":{"rendered":"PYRITE \"ROSE\" sur Mangano CALCIT xx"},"content":{"rendered":"<p>Cristaux de PYRITE joliment cubiques avec des rainures typiques de cire - partiellement oxyd\u00e9s en surface et avec des couleurs de ternissement multicolores.<\/p>\n<p>On ne voit pas \u00e7a tous les jours !<\/p>\n<p>Les PYRITE sont assis sur des CALCITES DE MANGANO avec de belles ar\u00eates et surfaces.<\/p>\n<p>Ancienne d\u00e9couverte de Pasto Bueno dans la r\u00e9gion d'ANCASH - ANDEN - PERU<\/p>\n<p>Poids : 450 g Dim:_ 12 x 10 x 4 cm<\/p>\n<p>L'image 4 est la face arri\u00e8re<\/p>","protected":false},"excerpt":{"rendered":"<p>Des cristaux de PYRIT en forme de cubes avec des rainures typiques de cire - partiellement oxyd\u00e9s en surface et avec des couleurs de ternissement multicolores. On ne les voit pas tous les jours ! Les PYRITES sont pos\u00e9es sur des CALCITES MANGANO avec de belles ar\u00eates et surfaces. D\u00e9couverte ancienne \u00e0 Pasto Bueno dans la r\u00e9gion ANCASH - ANDES - PERU Poids : 450 g Dim.:_ 12 x 10 x 4 cm [...]<\/p>","protected":false},"featured_media":4192,"template":"","meta":{"_acf_changed":false},"region":[],"product_brand":[],"product_cat":[15],"product_tag":[],"class_list":{"0":"post-2706","1":"product","2":"type-product","3":"status-publish","4":"has-post-thumbnail","6":"product_cat-mineralien","8":"first","9":"outofstock","10":"sold-individually","11":"product-type-simple"},"acf":[],"_links":{"self":[{"href":"https:\/\/westgem.shop\/fr\/wp-json\/wp\/v2\/product\/2706","targetHints":{"allow":["GET"]}}],"collection":[{"href":"https:\/\/westgem.shop\/fr\/wp-json\/wp\/v2\/product"}],"about":[{"href":"https:\/\/westgem.shop\/fr\/wp-json\/wp\/v2\/types\/product"}],"wp:featuredmedia":[{"embeddable":true,"href":"https:\/\/westgem.shop\/fr\/wp-json\/wp\/v2\/media\/4192"}],"wp:attachment":[{"href":"https:\/\/westgem.shop\/fr\/wp-json\/wp\/v2\/media?parent=2706"}],"wp:term":[{"taxonomy":"region","embeddable":true,"href":"https:\/\/westgem.shop\/fr\/wp-json\/wp\/v2\/region?post=2706"},{"taxonomy":"product_brand","embeddable":true,"href":"https:\/\/westgem.shop\/fr\/wp-json\/wp\/v2\/product_brand?post=2706"},{"taxonomy":"product_cat","embeddable":true,"href":"https:\/\/westgem.shop\/fr\/wp-json\/wp\/v2\/product_cat?post=2706"},{"taxonomy":"product_tag","embeddable":true,"href":"https:\/\/westgem.shop\/fr\/wp-json\/wp\/v2\/product_tag?post=2706"}],"curies":[{"name":"wp","href":"https:\/\/api.w.org\/{rel}","templated":true}]}}