{"id":2707,"date":"2001-10-30T00:00:00","date_gmt":"2001-10-30T00:00:00","guid":{"rendered":"https:\/\/miners.rocks\/product\/1-a-bergkristall-stufe\/"},"modified":"2020-05-19T17:01:06","modified_gmt":"2020-05-19T17:01:06","slug":"1-niveau-de-cristal-de-roche-a","status":"publish","type":"product","link":"https:\/\/westgem.shop\/fr\/produit\/1-niveau-de-cristal-de-roche-a\/","title":{"rendered":"1 A CRISTAL DE MONTAGNE Niveau"},"content":{"rendered":"<p>D'une ancienne d\u00e9couverte dans les HAUTES ANDES.<\/p>\n<p>BERGKRISTALL xx - qualit\u00e9 sup\u00e9rieure, transparent, surfaces brillantes - pointes non endommag\u00e9es.<\/p>\n<p>Poids : 210 g Dimensions : 8 x 7 x 5 cm<\/p>","protected":false},"excerpt":{"rendered":"<p>Provenant d'une ancienne d\u00e9couverte dans les HAUTES ANDES. CRISTAL DE MONTAGNE xx - qualit\u00e9 sup\u00e9rieure, transparent, surfaces brillantes - pointes non endommag\u00e9es. Poids : 210 g Dimensions : 8 x 7 x 5 cm<\/p>","protected":false},"featured_media":4196,"template":"","meta":{"_acf_changed":false},"region":[],"product_brand":[],"product_cat":[15],"product_tag":[],"class_list":{"0":"post-2707","1":"product","2":"type-product","3":"status-publish","4":"has-post-thumbnail","6":"product_cat-mineralien","8":"first","9":"outofstock","10":"sold-individually","11":"product-type-simple"},"acf":[],"_links":{"self":[{"href":"https:\/\/westgem.shop\/fr\/wp-json\/wp\/v2\/product\/2707","targetHints":{"allow":["GET"]}}],"collection":[{"href":"https:\/\/westgem.shop\/fr\/wp-json\/wp\/v2\/product"}],"about":[{"href":"https:\/\/westgem.shop\/fr\/wp-json\/wp\/v2\/types\/product"}],"wp:featuredmedia":[{"embeddable":true,"href":"https:\/\/westgem.shop\/fr\/wp-json\/wp\/v2\/media\/4196"}],"wp:attachment":[{"href":"https:\/\/westgem.shop\/fr\/wp-json\/wp\/v2\/media?parent=2707"}],"wp:term":[{"taxonomy":"region","embeddable":true,"href":"https:\/\/westgem.shop\/fr\/wp-json\/wp\/v2\/region?post=2707"},{"taxonomy":"product_brand","embeddable":true,"href":"https:\/\/westgem.shop\/fr\/wp-json\/wp\/v2\/product_brand?post=2707"},{"taxonomy":"product_cat","embeddable":true,"href":"https:\/\/westgem.shop\/fr\/wp-json\/wp\/v2\/product_cat?post=2707"},{"taxonomy":"product_tag","embeddable":true,"href":"https:\/\/westgem.shop\/fr\/wp-json\/wp\/v2\/product_tag?post=2707"}],"curies":[{"name":"wp","href":"https:\/\/api.w.org\/{rel}","templated":true}]}}