{"id":2710,"date":"2001-11-02T00:00:00","date_gmt":"2001-11-02T00:00:00","guid":{"rendered":"https:\/\/miners.rocks\/product\/1-a-monokristalliner-quarz\/"},"modified":"2020-05-19T17:01:09","modified_gmt":"2020-05-19T17:01:09","slug":"1-a-quartz-monocristallin","status":"publish","type":"product","link":"https:\/\/westgem.shop\/fr\/produit\/1-a-quartz-monocristallin\/","title":{"rendered":"1 A Quartz monocristallin"},"content":{"rendered":"<p>Grande pointe unique en CRISTAL DE MONTAGNE - \u00e0 la base du cristal encore quelques petites pointes.<\/p>\n<p>Sur une face du grand cristal, une deuxi\u00e8me g\u00e9n\u00e9ration de petits quartzE a pouss\u00e9. La pointe, qui a grandi dans un habitus classique, est brillante et intacte !<\/p>\n<p>Lieu de d\u00e9couverte il y a des d\u00e9cennies : Pasto Bueno - ANCASH<\/p>\n<p>ANDES - P\u00c9ROU<\/p>\n<p>On n'y trouve plus de tels cristaux depuis longtemps.<\/p>\n<p>Poids : 380 g Dimensions : 14 cm DE HAUTEUR 5 cm DE DIAM\u00c8TRE<\/p>","protected":false},"excerpt":{"rendered":"<p>Grande pointe unique de CRISTAL DE MONTAGNE - \u00e0 la base du cristal encore quelques petites pointes. Sur une surface du grand cristal, une deuxi\u00e8me g\u00e9n\u00e9ration de petits quartz a pouss\u00e9. La pointe, qui a grandi dans un habitus classique, est tr\u00e8s brillante et intacte ! Le lieu de d\u00e9couverte \u00e9tait il y a des d\u00e9cennies : Pasto Bueno - ANCASH ANDEN - PERU De tels cristaux ne sont plus trouv\u00e9s depuis longtemps [...].<\/p>","protected":false},"featured_media":4207,"template":"","meta":{"_acf_changed":false},"region":[],"product_brand":[],"product_cat":[15],"product_tag":[],"class_list":{"0":"post-2710","1":"product","2":"type-product","3":"status-publish","4":"has-post-thumbnail","6":"product_cat-mineralien","8":"first","9":"outofstock","10":"sold-individually","11":"product-type-simple"},"acf":[],"_links":{"self":[{"href":"https:\/\/westgem.shop\/fr\/wp-json\/wp\/v2\/product\/2710","targetHints":{"allow":["GET"]}}],"collection":[{"href":"https:\/\/westgem.shop\/fr\/wp-json\/wp\/v2\/product"}],"about":[{"href":"https:\/\/westgem.shop\/fr\/wp-json\/wp\/v2\/types\/product"}],"wp:featuredmedia":[{"embeddable":true,"href":"https:\/\/westgem.shop\/fr\/wp-json\/wp\/v2\/media\/4207"}],"wp:attachment":[{"href":"https:\/\/westgem.shop\/fr\/wp-json\/wp\/v2\/media?parent=2710"}],"wp:term":[{"taxonomy":"region","embeddable":true,"href":"https:\/\/westgem.shop\/fr\/wp-json\/wp\/v2\/region?post=2710"},{"taxonomy":"product_brand","embeddable":true,"href":"https:\/\/westgem.shop\/fr\/wp-json\/wp\/v2\/product_brand?post=2710"},{"taxonomy":"product_cat","embeddable":true,"href":"https:\/\/westgem.shop\/fr\/wp-json\/wp\/v2\/product_cat?post=2710"},{"taxonomy":"product_tag","embeddable":true,"href":"https:\/\/westgem.shop\/fr\/wp-json\/wp\/v2\/product_tag?post=2710"}],"curies":[{"name":"wp","href":"https:\/\/api.w.org\/{rel}","templated":true}]}}