{"id":2711,"date":"2001-11-03T00:00:00","date_gmt":"2001-11-03T00:00:00","guid":{"rendered":"https:\/\/miners.rocks\/product\/aaa-bergkristall-stufe\/"},"modified":"2020-05-19T17:01:09","modified_gmt":"2020-05-19T17:01:09","slug":"aaa-cristal-de-roche-niveau","status":"publish","type":"product","link":"https:\/\/westgem.shop\/fr\/produit\/aaa-cristal-de-roche-niveau\/","title":{"rendered":"AAA CRISTAL DE MONTAGNE Niveau"},"content":{"rendered":"<p>Incroyable niveau de quartz avec des pointes de CRISTAL DE MONTAGNE claires et transparentes avec des surfaces d'extr\u00e9mit\u00e9 intactes, parfois des DOUBLES \u00c9MERGES.<\/p>\n<p>En plus, au niveau de la H\u00fcBNERITE, des cristaux - la H\u00fcBNERITE est un min\u00e9ral WOLFRAM RARE.<\/p>\n<p>1A CABINET Niveau avec une brillance incroyable et des cristaux parfaits.<\/p>\n<p>Ancienne d\u00e9couverte des HAUTES ANDES - de telles marches ne sont pratiquement PLUS visibles sur le march\u00e9. La derni\u00e8re photo montre le dessous de la marche.<\/p>\n<p>PASTO BUENO - ANCASH - ANDEN - P\u00c9ROU<\/p>\n<p>Poids : 600 g Dimensions : 17 x 11 x 7 cm<\/p>\n<p>LE PRIX EN LIGNE EST SENSATIONNEL !<\/p>","protected":false},"excerpt":{"rendered":"<p>Incroyable niveau de quartz avec des pointes de CRISTAL DE MONTAGNE claires et transparentes avec des faces terminales intactes, parfois DOPPELEMDER. En plus, des cristaux de H\u00fcBNERIT sur le niveau - la H\u00fcBNERIT est un min\u00e9ral WOLFRAM RARE. Niveau 1A KABINETT avec une brillance incroyable et des cristaux parfaits. Ancienne d\u00e9couverte des HAUTES ANDES - de telles marches ne sont pratiquement plus visibles sur le march\u00e9.<\/p>","protected":false},"featured_media":4210,"template":"","meta":{"_acf_changed":false},"region":[],"product_brand":[],"product_cat":[15],"product_tag":[],"class_list":{"0":"post-2711","1":"product","2":"type-product","3":"status-publish","4":"has-post-thumbnail","6":"product_cat-mineralien","8":"first","9":"outofstock","10":"sold-individually","11":"product-type-simple"},"acf":[],"_links":{"self":[{"href":"https:\/\/westgem.shop\/fr\/wp-json\/wp\/v2\/product\/2711","targetHints":{"allow":["GET"]}}],"collection":[{"href":"https:\/\/westgem.shop\/fr\/wp-json\/wp\/v2\/product"}],"about":[{"href":"https:\/\/westgem.shop\/fr\/wp-json\/wp\/v2\/types\/product"}],"wp:featuredmedia":[{"embeddable":true,"href":"https:\/\/westgem.shop\/fr\/wp-json\/wp\/v2\/media\/4210"}],"wp:attachment":[{"href":"https:\/\/westgem.shop\/fr\/wp-json\/wp\/v2\/media?parent=2711"}],"wp:term":[{"taxonomy":"region","embeddable":true,"href":"https:\/\/westgem.shop\/fr\/wp-json\/wp\/v2\/region?post=2711"},{"taxonomy":"product_brand","embeddable":true,"href":"https:\/\/westgem.shop\/fr\/wp-json\/wp\/v2\/product_brand?post=2711"},{"taxonomy":"product_cat","embeddable":true,"href":"https:\/\/westgem.shop\/fr\/wp-json\/wp\/v2\/product_cat?post=2711"},{"taxonomy":"product_tag","embeddable":true,"href":"https:\/\/westgem.shop\/fr\/wp-json\/wp\/v2\/product_tag?post=2711"}],"curies":[{"name":"wp","href":"https:\/\/api.w.org\/{rel}","templated":true}]}}