{"id":2712,"date":"2001-11-04T00:00:00","date_gmt":"2001-11-04T00:00:00","guid":{"rendered":"https:\/\/miners.rocks\/product\/pyrit-xx-mit-mangano-calcit\/"},"modified":"2020-05-19T17:01:10","modified_gmt":"2020-05-19T17:01:10","slug":"pyrite-xx-avec-calcite-de-manganese","status":"publish","type":"product","link":"https:\/\/westgem.shop\/fr\/produit\/pyrite-xx-avec-calcite-de-manganese\/","title":{"rendered":"PYRIT xx avec MANGANO CALCIT"},"content":{"rendered":"<p>\u00c9tape PYRIT avec des cristaux tr\u00e8s bien form\u00e9s avec les rainures de croissance typiques sur les faces.<\/p>\n<p>Dans la partie inf\u00e9rieure de la marche se trouve un cluster de MANGANO CALCITES qui forme un contraste int\u00e9ressant avec les PYRITES tr\u00e8s brillantes.<\/p>\n<p>Ancienne d\u00e9couverte de Pasto Bueno - ANCASH - ANDEN - PERU<\/p>\n<p>La photo 3 repr\u00e9sente l'arri\u00e8re de la marche.<\/p>\n<p>Poids : 700 g Dimensions : 1\u00df x 8 x 7 cm<\/p>","protected":false},"excerpt":{"rendered":"<p>Marchepied en PYRITE avec des cristaux tr\u00e8s bien form\u00e9s et des rainures de croissance typiques sur les faces. Dans la partie inf\u00e9rieure de l'\u00e9tage se trouve un amas de CALCITE MANGANO qui forme un contraste int\u00e9ressant avec les PYRITES tr\u00e8s brillantes. Ancienne d\u00e9couverte de Pasto Bueno - ANCASH - ANDEN - PERU La photo 3 repr\u00e9sente le dos de la marche. Poids : 700 g Dimensions : [...]<\/p>","protected":false},"featured_media":4215,"template":"","meta":{"_acf_changed":false},"region":[],"product_brand":[],"product_cat":[15],"product_tag":[],"class_list":{"0":"post-2712","1":"product","2":"type-product","3":"status-publish","4":"has-post-thumbnail","6":"product_cat-mineralien","8":"first","9":"outofstock","10":"sold-individually","11":"product-type-simple"},"acf":[],"_links":{"self":[{"href":"https:\/\/westgem.shop\/fr\/wp-json\/wp\/v2\/product\/2712","targetHints":{"allow":["GET"]}}],"collection":[{"href":"https:\/\/westgem.shop\/fr\/wp-json\/wp\/v2\/product"}],"about":[{"href":"https:\/\/westgem.shop\/fr\/wp-json\/wp\/v2\/types\/product"}],"wp:featuredmedia":[{"embeddable":true,"href":"https:\/\/westgem.shop\/fr\/wp-json\/wp\/v2\/media\/4215"}],"wp:attachment":[{"href":"https:\/\/westgem.shop\/fr\/wp-json\/wp\/v2\/media?parent=2712"}],"wp:term":[{"taxonomy":"region","embeddable":true,"href":"https:\/\/westgem.shop\/fr\/wp-json\/wp\/v2\/region?post=2712"},{"taxonomy":"product_brand","embeddable":true,"href":"https:\/\/westgem.shop\/fr\/wp-json\/wp\/v2\/product_brand?post=2712"},{"taxonomy":"product_cat","embeddable":true,"href":"https:\/\/westgem.shop\/fr\/wp-json\/wp\/v2\/product_cat?post=2712"},{"taxonomy":"product_tag","embeddable":true,"href":"https:\/\/westgem.shop\/fr\/wp-json\/wp\/v2\/product_tag?post=2712"}],"curies":[{"name":"wp","href":"https:\/\/api.w.org\/{rel}","templated":true}]}}