{"id":2713,"date":"2001-11-05T00:00:00","date_gmt":"2001-11-05T00:00:00","guid":{"rendered":"https:\/\/miners.rocks\/product\/magnetit-xx-bolivien-5\/"},"modified":"2020-05-19T17:01:10","modified_gmt":"2020-05-19T17:01:10","slug":"magnetite-xx-bolivie-5","status":"publish","type":"product","link":"https:\/\/westgem.shop\/fr\/produit\/magnetite-xx-bolivie-5\/","title":{"rendered":"Magn\u00e9tite xx - BOLIVIE"},"content":{"rendered":"<p>Magn\u00e9tite = Fe3O4 , important FER - minerai.<\/p>\n<p>Cristaux cultiv\u00e9s - OKTAEDER et RHOMBEMDODEKAEDER - sur la roche m\u00e8re. Surfaces, tr\u00e8s brillantes. Fortement MAGN\u00c9TIQUE.<\/p>\n<p>localisation de la trouvaille : Cerro Huanaquino - Potosi - BOLIVIE<\/p>\n<p>Poids : 520 g Dimensions : 13 x 9 x 4 cm<\/p>\n<p>La photo 3 est le verso - le papier floqu\u00e9 tout autour n'est que la protection des bords , on a oubli\u00e9 de l'enlever sur les photos .<\/p>","protected":false},"excerpt":{"rendered":"<p>Magn\u00e9tite = Fe3O4 , important FER - minerai. Cristaux form\u00e9s par croissance - OKTAEDER et RHOMBEMDODEKAEDER - sur la roche m\u00e8re. Surfaces, tr\u00e8s brillantes. Fortement MAGN\u00c9TIQUE. Lieu de d\u00e9couverte : Cerro Huanaquino - Potosi - BOLIVIE Poids : 520 g Dimensions : 13 x 9 x 4 cm La photo 3 est le verso - La coul\u00e9e de papier tout autour n'est que la protection des bords, a \u00e9t\u00e9 oubli\u00e9e lors des photos [...].<\/p>","protected":false},"featured_media":4218,"template":"","meta":{"_acf_changed":false},"region":[],"product_brand":[],"product_cat":[15],"product_tag":[],"class_list":{"0":"post-2713","1":"product","2":"type-product","3":"status-publish","4":"has-post-thumbnail","6":"product_cat-mineralien","8":"first","9":"outofstock","10":"sold-individually","11":"product-type-simple"},"acf":[],"_links":{"self":[{"href":"https:\/\/westgem.shop\/fr\/wp-json\/wp\/v2\/product\/2713","targetHints":{"allow":["GET"]}}],"collection":[{"href":"https:\/\/westgem.shop\/fr\/wp-json\/wp\/v2\/product"}],"about":[{"href":"https:\/\/westgem.shop\/fr\/wp-json\/wp\/v2\/types\/product"}],"wp:featuredmedia":[{"embeddable":true,"href":"https:\/\/westgem.shop\/fr\/wp-json\/wp\/v2\/media\/4218"}],"wp:attachment":[{"href":"https:\/\/westgem.shop\/fr\/wp-json\/wp\/v2\/media?parent=2713"}],"wp:term":[{"taxonomy":"region","embeddable":true,"href":"https:\/\/westgem.shop\/fr\/wp-json\/wp\/v2\/region?post=2713"},{"taxonomy":"product_brand","embeddable":true,"href":"https:\/\/westgem.shop\/fr\/wp-json\/wp\/v2\/product_brand?post=2713"},{"taxonomy":"product_cat","embeddable":true,"href":"https:\/\/westgem.shop\/fr\/wp-json\/wp\/v2\/product_cat?post=2713"},{"taxonomy":"product_tag","embeddable":true,"href":"https:\/\/westgem.shop\/fr\/wp-json\/wp\/v2\/product_tag?post=2713"}],"curies":[{"name":"wp","href":"https:\/\/api.w.org\/{rel}","templated":true}]}}