{"id":2714,"date":"2001-11-06T00:00:00","date_gmt":"2001-11-06T00:00:00","guid":{"rendered":"https:\/\/miners.rocks\/product\/smaragdit-saualpe-3\/"},"modified":"2020-05-19T17:01:11","modified_gmt":"2020-05-19T17:01:11","slug":"smaragdit-saualpe-3","status":"publish","type":"product","link":"https:\/\/westgem.shop\/fr\/produit\/smaragdit-saualpe-3\/","title":{"rendered":"SMARAGDIT - SAUALPE"},"content":{"rendered":"<p>L'ACTINOLITE CHROM\u00c9E, \u00e9galement appel\u00e9e SMARAGDITE, se trouve en Carinthie orientale dans la r\u00e9gion de la SAUALPE.<\/p>\n<p>La station se trouve dans la partie la plus recul\u00e9e du Thissegger Graben, dans un terrain malheureusement tr\u00e8s escarp\u00e9.<\/p>\n<p>Poids' : 360 g Dimensions : 9 x 6 x 5 cm<\/p>","protected":false},"excerpt":{"rendered":"<p>L'ACTINOLITE CHROM\u00c9E, \u00e9galement appel\u00e9e SMARAGDITE, se trouve dans l'est de la Carinthie, dans la r\u00e9gion de SAUALPE. Le site se trouve dans la partie la plus recul\u00e9e du Thissegger Graben, dans un terrain malheureusement tr\u00e8s escarp\u00e9. Poids' : 360 g Dimensions : 9 x 6 x 5 cm<\/p>","protected":false},"featured_media":4221,"template":"","meta":{"_acf_changed":false},"region":[],"product_brand":[],"product_cat":[15],"product_tag":[],"class_list":{"0":"post-2714","1":"product","2":"type-product","3":"status-publish","4":"has-post-thumbnail","6":"product_cat-mineralien","8":"first","9":"outofstock","10":"sold-individually","11":"product-type-simple"},"acf":[],"_links":{"self":[{"href":"https:\/\/westgem.shop\/fr\/wp-json\/wp\/v2\/product\/2714","targetHints":{"allow":["GET"]}}],"collection":[{"href":"https:\/\/westgem.shop\/fr\/wp-json\/wp\/v2\/product"}],"about":[{"href":"https:\/\/westgem.shop\/fr\/wp-json\/wp\/v2\/types\/product"}],"wp:featuredmedia":[{"embeddable":true,"href":"https:\/\/westgem.shop\/fr\/wp-json\/wp\/v2\/media\/4221"}],"wp:attachment":[{"href":"https:\/\/westgem.shop\/fr\/wp-json\/wp\/v2\/media?parent=2714"}],"wp:term":[{"taxonomy":"region","embeddable":true,"href":"https:\/\/westgem.shop\/fr\/wp-json\/wp\/v2\/region?post=2714"},{"taxonomy":"product_brand","embeddable":true,"href":"https:\/\/westgem.shop\/fr\/wp-json\/wp\/v2\/product_brand?post=2714"},{"taxonomy":"product_cat","embeddable":true,"href":"https:\/\/westgem.shop\/fr\/wp-json\/wp\/v2\/product_cat?post=2714"},{"taxonomy":"product_tag","embeddable":true,"href":"https:\/\/westgem.shop\/fr\/wp-json\/wp\/v2\/product_tag?post=2714"}],"curies":[{"name":"wp","href":"https:\/\/api.w.org\/{rel}","templated":true}]}}