{"id":2715,"date":"2001-11-07T00:00:00","date_gmt":"2001-11-07T00:00:00","guid":{"rendered":"https:\/\/miners.rocks\/product\/1a-stufe-pyrit-xx-und-bergkristall-xx\/"},"modified":"2020-05-19T17:01:11","modified_gmt":"2020-05-19T17:01:11","slug":"1a-niveau-pyrite-xx-et-cristal-de-roche-xx","status":"publish","type":"product","link":"https:\/\/westgem.shop\/fr\/produit\/1a-niveau-pyrite-xx-et-cristal-de-roche-xx\/","title":{"rendered":"Niveau 1A - PYRITE xx et CRISTAL DE MONTAGNE xx"},"content":{"rendered":"<p>Excellente marche avec des cristaux PYRITES dominants et brillants dans une marche en CRISTAL DE MONTAGNE avec d'innombrables pointes claires.<\/p>\n<p>Grand, visuellement convaincant et rare.<\/p>\n<p>Cette pi\u00e8ce de premi\u00e8re qualit\u00e9 provient encore d'anciennes d\u00e9couvertes dans les HAUTES ANDES .<\/p>\n<p>On ne trouve presque plus de marches de ce type aujourd'hui !<\/p>\n<p>R\u00c9GION ANCASH - Basto Bueno - P\u00c9ROU<\/p>\n<p>Poids : 1,7 kilogramme Dimensions : 21 x 15 x 9 cm<\/p>\n<p>La derni\u00e8re image est l'arri\u00e8re de la marche .<\/p>","protected":false},"excerpt":{"rendered":"<p>Excellent niveau avec des cristaux PYRIT dominants et brillants dans un niveau en CRISTAL DE MONTAGNE avec d'innombrables pointes claires. Grand, optiquement convaincant et rare. Cette pi\u00e8ce de premi\u00e8re qualit\u00e9 provient d'anciennes d\u00e9couvertes dans les HAUTES ANDES. De tels niveaux ne sont pratiquement plus trouv\u00e9s aujourd'hui ! R\u00c9GION ANCASH - Basto Bueno - P\u00c9ROU Poids : 1,7 kilogrammes Dimensions : 21 [...]<\/p>","protected":false},"featured_media":4224,"template":"","meta":{"_acf_changed":false},"region":[],"product_brand":[],"product_cat":[15],"product_tag":[],"class_list":{"0":"post-2715","1":"product","2":"type-product","3":"status-publish","4":"has-post-thumbnail","6":"product_cat-mineralien","8":"first","9":"outofstock","10":"sold-individually","11":"product-type-simple"},"acf":[],"_links":{"self":[{"href":"https:\/\/westgem.shop\/fr\/wp-json\/wp\/v2\/product\/2715","targetHints":{"allow":["GET"]}}],"collection":[{"href":"https:\/\/westgem.shop\/fr\/wp-json\/wp\/v2\/product"}],"about":[{"href":"https:\/\/westgem.shop\/fr\/wp-json\/wp\/v2\/types\/product"}],"wp:featuredmedia":[{"embeddable":true,"href":"https:\/\/westgem.shop\/fr\/wp-json\/wp\/v2\/media\/4224"}],"wp:attachment":[{"href":"https:\/\/westgem.shop\/fr\/wp-json\/wp\/v2\/media?parent=2715"}],"wp:term":[{"taxonomy":"region","embeddable":true,"href":"https:\/\/westgem.shop\/fr\/wp-json\/wp\/v2\/region?post=2715"},{"taxonomy":"product_brand","embeddable":true,"href":"https:\/\/westgem.shop\/fr\/wp-json\/wp\/v2\/product_brand?post=2715"},{"taxonomy":"product_cat","embeddable":true,"href":"https:\/\/westgem.shop\/fr\/wp-json\/wp\/v2\/product_cat?post=2715"},{"taxonomy":"product_tag","embeddable":true,"href":"https:\/\/westgem.shop\/fr\/wp-json\/wp\/v2\/product_tag?post=2715"}],"curies":[{"name":"wp","href":"https:\/\/api.w.org\/{rel}","templated":true}]}}