{"id":2719,"date":"2001-11-11T00:00:00","date_gmt":"2001-11-11T00:00:00","guid":{"rendered":"https:\/\/miners.rocks\/product\/tigereisen-roh\/"},"modified":"2020-05-19T17:01:14","modified_gmt":"2020-05-19T17:01:14","slug":"fer-de-tigre-brut","status":"publish","type":"product","link":"https:\/\/westgem.shop\/fr\/produit\/fer-de-tigre-brut\/","title":{"rendered":"Fer du tigre - ROH"},"content":{"rendered":"<p>ROHST\u00fcCK - Fer de tigre<\/p>\n<p>Le fer tigr\u00e9 est un m\u00e9lange min\u00e9ral compos\u00e9 de proportions variables de :<\/p>\n<p>Oeil de tigre - jaspe et magn\u00e9tite\/h\u00e9matite<\/p>\n<p>La structure de la magn\u00e9tite EISENOXYD, \u00e2g\u00e9e de 2,3 MILLIARDS d'ann\u00e9es, d'origine volcanique, qui s'est d\u00e9pos\u00e9e dans des fosses marines profondes, avec du jaspe rouge-brun. Dans les cavit\u00e9s s'est form\u00e9 plus tard d'abord l'\u0153il de faucon, puis le fameux \u0153il de tigre gr\u00e2ce \u00e0 l'intercalation de limonite.<\/p>\n<p>Les couches de cette pierre brute sont d\u00e9form\u00e9es par des pressions \u00e9normes.<\/p>\n<p>Poids : 1,2 kilogramme Dimensions : 10 x 10 x 8 cm<\/p>\n<p>Lieu de d\u00e9couverte : BANDET IRON MINE - AFRIQUE DU SUD<\/p>","protected":false},"excerpt":{"rendered":"<p>PI\u00c8CE BRUTE - Fer du Tigre Le fer du Tigre est un m\u00e9lange min\u00e9ral compos\u00e9 de proportions variables de : Oeil de tigre - jaspe et magn\u00e9tite\/h\u00e9matite LAgenre de magn\u00e9tite EISENOXYD d'origine volcanique, vieille de 2,3 MILLIARDS d'ann\u00e9es, qui s'est d\u00e9pos\u00e9e dans des fosses en eaux profondes, avec du jaspe rouge-brun. Dans les cavit\u00e9s se sont form\u00e9s plus tard d'abord l'\u0153il de faucon puis, par intercalation de LIMONITE, le [...].<\/p>","protected":false},"featured_media":4238,"template":"","meta":{"_acf_changed":false},"region":[],"product_brand":[],"product_cat":[15],"product_tag":[],"class_list":{"0":"post-2719","1":"product","2":"type-product","3":"status-publish","4":"has-post-thumbnail","6":"product_cat-mineralien","8":"first","9":"outofstock","10":"sold-individually","11":"product-type-simple"},"acf":[],"_links":{"self":[{"href":"https:\/\/westgem.shop\/fr\/wp-json\/wp\/v2\/product\/2719","targetHints":{"allow":["GET"]}}],"collection":[{"href":"https:\/\/westgem.shop\/fr\/wp-json\/wp\/v2\/product"}],"about":[{"href":"https:\/\/westgem.shop\/fr\/wp-json\/wp\/v2\/types\/product"}],"wp:featuredmedia":[{"embeddable":true,"href":"https:\/\/westgem.shop\/fr\/wp-json\/wp\/v2\/media\/4238"}],"wp:attachment":[{"href":"https:\/\/westgem.shop\/fr\/wp-json\/wp\/v2\/media?parent=2719"}],"wp:term":[{"taxonomy":"region","embeddable":true,"href":"https:\/\/westgem.shop\/fr\/wp-json\/wp\/v2\/region?post=2719"},{"taxonomy":"product_brand","embeddable":true,"href":"https:\/\/westgem.shop\/fr\/wp-json\/wp\/v2\/product_brand?post=2719"},{"taxonomy":"product_cat","embeddable":true,"href":"https:\/\/westgem.shop\/fr\/wp-json\/wp\/v2\/product_cat?post=2719"},{"taxonomy":"product_tag","embeddable":true,"href":"https:\/\/westgem.shop\/fr\/wp-json\/wp\/v2\/product_tag?post=2719"}],"curies":[{"name":"wp","href":"https:\/\/api.w.org\/{rel}","templated":true}]}}