{"id":2720,"date":"2001-11-12T00:00:00","date_gmt":"2001-11-12T00:00:00","guid":{"rendered":"https:\/\/miners.rocks\/product\/fluorit-afrika\/"},"modified":"2020-05-19T17:01:14","modified_gmt":"2020-05-19T17:01:14","slug":"fluorite-africaine","status":"publish","type":"product","link":"https:\/\/westgem.shop\/fr\/produit\/fluorite-africaine\/","title":{"rendered":"FLUORITE - AFRIQUE"},"content":{"rendered":"<p>Grand cristal violet de FLUORITE sur deux faces de coupe, ce qui permet de voir clairement la structure cristalline zon\u00e9e. Sur le bord sup\u00e9rieur, les faces terminales des cristaux ont pouss\u00e9.<\/p>\n<p>localisation de la trouvaille : El Hammam - Bassin minier - Maroc<\/p>\n<p>Afrique du Nord<\/p>\n<p>Poids : 1,1 kilogramme 11 x 10 x 6 cm<\/p>","protected":false},"excerpt":{"rendered":"<p>Grand cristal violet de FLUORITE sur deux faces de coupe, ce qui permet de voir clairement la structure cristalline zon\u00e9e. Sur le bord sup\u00e9rieur, les faces terminales des cristaux ont pouss\u00e9. Lieu de d\u00e9couverte : El Hammam - Bassin minier - Maroc Afrique du Nord Poids : 1,1 kilogramme 11 x 10 x 6 cm<\/p>","protected":false},"featured_media":4242,"template":"","meta":{"_acf_changed":false},"region":[],"product_brand":[],"product_cat":[15],"product_tag":[],"class_list":{"0":"post-2720","1":"product","2":"type-product","3":"status-publish","4":"has-post-thumbnail","6":"product_cat-mineralien","8":"first","9":"outofstock","10":"sold-individually","11":"product-type-simple"},"acf":[],"_links":{"self":[{"href":"https:\/\/westgem.shop\/fr\/wp-json\/wp\/v2\/product\/2720","targetHints":{"allow":["GET"]}}],"collection":[{"href":"https:\/\/westgem.shop\/fr\/wp-json\/wp\/v2\/product"}],"about":[{"href":"https:\/\/westgem.shop\/fr\/wp-json\/wp\/v2\/types\/product"}],"wp:featuredmedia":[{"embeddable":true,"href":"https:\/\/westgem.shop\/fr\/wp-json\/wp\/v2\/media\/4242"}],"wp:attachment":[{"href":"https:\/\/westgem.shop\/fr\/wp-json\/wp\/v2\/media?parent=2720"}],"wp:term":[{"taxonomy":"region","embeddable":true,"href":"https:\/\/westgem.shop\/fr\/wp-json\/wp\/v2\/region?post=2720"},{"taxonomy":"product_brand","embeddable":true,"href":"https:\/\/westgem.shop\/fr\/wp-json\/wp\/v2\/product_brand?post=2720"},{"taxonomy":"product_cat","embeddable":true,"href":"https:\/\/westgem.shop\/fr\/wp-json\/wp\/v2\/product_cat?post=2720"},{"taxonomy":"product_tag","embeddable":true,"href":"https:\/\/westgem.shop\/fr\/wp-json\/wp\/v2\/product_tag?post=2720"}],"curies":[{"name":"wp","href":"https:\/\/api.w.org\/{rel}","templated":true}]}}