{"id":2721,"date":"2001-11-13T00:00:00","date_gmt":"2001-11-13T00:00:00","guid":{"rendered":"https:\/\/miners.rocks\/product\/bergkristall-xx\/"},"modified":"2020-05-19T17:01:15","modified_gmt":"2020-05-19T17:01:15","slug":"cristal-de-roche-xx","status":"publish","type":"product","link":"https:\/\/westgem.shop\/fr\/produit\/cristal-de-roche-xx\/","title":{"rendered":"CRISTAL DE MONTAGNE xx"},"content":{"rendered":"<p>Marche en CRISTAL DE MONTAGNE avec des surfaces d'extr\u00e9mit\u00e9 non endommag\u00e9es et une structure esth\u00e9tique avec des XX d'une belle clart\u00e9.<\/p>\n<p>Ancienne d\u00e9couverte de la r\u00e9gion ANCASH dans les ANDES P\u00c9ROU<\/p>\n<p>Poids : 170 g Dimensions : 8 cm de hauteur x 7 x 5 cm<\/p>","protected":false},"excerpt":{"rendered":"<p>Marche en CRISTAL DE MONTAGNE avec des faces terminales intactes et une construction esth\u00e9tique avec des XX d'une belle clart\u00e9. Ancienne d\u00e9couverte de la r\u00e9gion d'ANCASH dans les ANDES PERU Poids : 170 g Dimensions : 8 cm de hauteur x 7 x 5 cm<\/p>","protected":false},"featured_media":4246,"template":"","meta":{"_acf_changed":false},"region":[],"product_brand":[],"product_cat":[15],"product_tag":[],"class_list":{"0":"post-2721","1":"product","2":"type-product","3":"status-publish","4":"has-post-thumbnail","6":"product_cat-mineralien","8":"first","9":"outofstock","10":"sold-individually","11":"product-type-simple"},"acf":[],"_links":{"self":[{"href":"https:\/\/westgem.shop\/fr\/wp-json\/wp\/v2\/product\/2721","targetHints":{"allow":["GET"]}}],"collection":[{"href":"https:\/\/westgem.shop\/fr\/wp-json\/wp\/v2\/product"}],"about":[{"href":"https:\/\/westgem.shop\/fr\/wp-json\/wp\/v2\/types\/product"}],"wp:featuredmedia":[{"embeddable":true,"href":"https:\/\/westgem.shop\/fr\/wp-json\/wp\/v2\/media\/4246"}],"wp:attachment":[{"href":"https:\/\/westgem.shop\/fr\/wp-json\/wp\/v2\/media?parent=2721"}],"wp:term":[{"taxonomy":"region","embeddable":true,"href":"https:\/\/westgem.shop\/fr\/wp-json\/wp\/v2\/region?post=2721"},{"taxonomy":"product_brand","embeddable":true,"href":"https:\/\/westgem.shop\/fr\/wp-json\/wp\/v2\/product_brand?post=2721"},{"taxonomy":"product_cat","embeddable":true,"href":"https:\/\/westgem.shop\/fr\/wp-json\/wp\/v2\/product_cat?post=2721"},{"taxonomy":"product_tag","embeddable":true,"href":"https:\/\/westgem.shop\/fr\/wp-json\/wp\/v2\/product_tag?post=2721"}],"curies":[{"name":"wp","href":"https:\/\/api.w.org\/{rel}","templated":true}]}}