{"id":2723,"date":"2001-11-15T00:00:00","date_gmt":"2001-11-15T00:00:00","guid":{"rendered":"https:\/\/miners.rocks\/product\/sonnenstein-rohstein-anhaenger\/"},"modified":"2020-05-19T17:01:16","modified_gmt":"2020-05-19T17:01:16","slug":"pierre-solaire-brute-pendentif","status":"publish","type":"product","link":"https:\/\/westgem.shop\/fr\/produit\/pierre-solaire-brute-pendentif\/","title":{"rendered":"PIERRE DE SOLEIL - Pendentif en pierre brute"},"content":{"rendered":"<p>Pendentifs pour colliers - SP\u00c9CIAL !<\/p>\n<p>PIERRE SOLAIRE brute - AVENTURINE FELDSPAT<\/p>\n<p>Pierre ornementale orange-rouge-brun de l'OLIGOKLAS. L'\u00e9clat m\u00e9tallique typique est d\u00fb aux ph\u00e9nom\u00e8nes d'interf\u00e9rence de la lumi\u00e8re sur les inclusions d'h\u00e9matite et de GOETHITE.<\/p>\n<p>La PIERRE SOLEIL est tr\u00e8s RARE \u00e0 trouver et donc tr\u00e8s recherch\u00e9e, <\/p>\n<p>Est souvent imit\u00e9 par la FUSION D'OR (= VERRE) ! \u00e0 ne pas confondre avec la vari\u00e9t\u00e9 de quartz VERT AVENTURINE !<\/p>\n<p>Ce pendentif est bien s\u00fbr une PI\u00c8CE UNIQUE - fabriqu\u00e9 avec un dispositif de pendentif en ARGENT STERLING 925 et est livr\u00e9  <u>AVEC un 40<\/u> <u>cm de long en caoutchouc avec fermoir en argent.<\/u><\/p>\n<p>La localisation de cette pierre brute est : Harney District - OREGON . \u00c9TATS-UNIS<\/p>\n<p>Poids : pendentif 18 g, total avec cha\u00eene : 23 g<\/p>\n<p>Dimensions de l'objet : Pendentif avec oeillet 5 cm de long, 2,5 cm de large et 1,5 cm d'\u00e9paisseur<\/p>","protected":false},"excerpt":{"rendered":"<p>Pendentifs pour colliers - SP\u00c9CIAL ! PIERRE DU SOLEIL brute - AVENTURINE FELDSPAT Pierre ornementale orange-rouge-brun de l'OLIGOKLAS. L'\u00e9clat m\u00e9tallique typique est d\u00fb aux ph\u00e9nom\u00e8nes d'interf\u00e9rence de la lumi\u00e8re sur les intercalations d'h\u00e9matite et de GOETHITE. La PIERRE SOLEIL est tr\u00e8s RARE et donc tr\u00e8s recherch\u00e9e. Elle est souvent imit\u00e9e par la FUSION D'OR (= VERRE) ! \u00e0 ne pas confondre avec le quartz vert [...].<\/p>","protected":false},"featured_media":4253,"template":"","meta":{"_acf_changed":false},"region":[],"product_brand":[],"product_cat":[15],"product_tag":[],"class_list":{"0":"post-2723","1":"product","2":"type-product","3":"status-publish","4":"has-post-thumbnail","6":"product_cat-mineralien","8":"first","9":"outofstock","10":"sold-individually","11":"product-type-simple"},"acf":[],"_links":{"self":[{"href":"https:\/\/westgem.shop\/fr\/wp-json\/wp\/v2\/product\/2723","targetHints":{"allow":["GET"]}}],"collection":[{"href":"https:\/\/westgem.shop\/fr\/wp-json\/wp\/v2\/product"}],"about":[{"href":"https:\/\/westgem.shop\/fr\/wp-json\/wp\/v2\/types\/product"}],"wp:featuredmedia":[{"embeddable":true,"href":"https:\/\/westgem.shop\/fr\/wp-json\/wp\/v2\/media\/4253"}],"wp:attachment":[{"href":"https:\/\/westgem.shop\/fr\/wp-json\/wp\/v2\/media?parent=2723"}],"wp:term":[{"taxonomy":"region","embeddable":true,"href":"https:\/\/westgem.shop\/fr\/wp-json\/wp\/v2\/region?post=2723"},{"taxonomy":"product_brand","embeddable":true,"href":"https:\/\/westgem.shop\/fr\/wp-json\/wp\/v2\/product_brand?post=2723"},{"taxonomy":"product_cat","embeddable":true,"href":"https:\/\/westgem.shop\/fr\/wp-json\/wp\/v2\/product_cat?post=2723"},{"taxonomy":"product_tag","embeddable":true,"href":"https:\/\/westgem.shop\/fr\/wp-json\/wp\/v2\/product_tag?post=2723"}],"curies":[{"name":"wp","href":"https:\/\/api.w.org\/{rel}","templated":true}]}}