{"id":2724,"date":"2001-11-16T00:00:00","date_gmt":"2001-11-16T00:00:00","guid":{"rendered":"https:\/\/miners.rocks\/product\/versteinertes-holz-arizona-4\/"},"modified":"2020-05-19T17:01:17","modified_gmt":"2020-05-19T17:01:17","slug":"bois-petrifie-arizona-4","status":"publish","type":"product","link":"https:\/\/westgem.shop\/fr\/produit\/bois-petrifie-arizona-4\/","title":{"rendered":"BOIS P\u00c9TRIFI\u00c9 - ARIZONA"},"content":{"rendered":"<p>Pi\u00e8ce brute ARIZONA - BOIS PERFOR\u00c9<\/p>\n<p>Teintes rouges et jaunes en partie typiques . Environ 200 millions d'ann\u00e9es.<\/p>\n<p>Tr\u00e8s d\u00e9coratif, avec une base droite . Photos de 2 c\u00f4t\u00e9s .<\/p>\n<p>Lieu de d\u00e9couverte : PETRIFIED FOREST - HOLBROOK - ARIZONA - USA<\/p>\n<p>Poids : 2,3 kilogrammes Dimensions : 14 x 14 x 7 cm<\/p>","protected":false},"excerpt":{"rendered":"<p>Pi\u00e8ce brute ARIZONA - BOIS PERFOR\u00c9 Partiellement des teintes rouges-jaunes typiques . Environ 200 millions d'ann\u00e9es . Tr\u00e8s d\u00e9coratif, avec une base droite . Photos de 2 c\u00f4t\u00e9s . Lieu de d\u00e9couverte : PETRIFIED FOREST - HOLBROOK - ARIZONA - USA Poids : 2,3 kilogrammes Dimensions : 14 x 14 x 7 cm<\/p>","protected":false},"featured_media":4256,"template":"","meta":{"_acf_changed":false},"region":[],"product_brand":[],"product_cat":[15],"product_tag":[],"class_list":{"0":"post-2724","1":"product","2":"type-product","3":"status-publish","4":"has-post-thumbnail","6":"product_cat-mineralien","8":"first","9":"outofstock","10":"sold-individually","11":"product-type-simple"},"acf":[],"_links":{"self":[{"href":"https:\/\/westgem.shop\/fr\/wp-json\/wp\/v2\/product\/2724","targetHints":{"allow":["GET"]}}],"collection":[{"href":"https:\/\/westgem.shop\/fr\/wp-json\/wp\/v2\/product"}],"about":[{"href":"https:\/\/westgem.shop\/fr\/wp-json\/wp\/v2\/types\/product"}],"wp:featuredmedia":[{"embeddable":true,"href":"https:\/\/westgem.shop\/fr\/wp-json\/wp\/v2\/media\/4256"}],"wp:attachment":[{"href":"https:\/\/westgem.shop\/fr\/wp-json\/wp\/v2\/media?parent=2724"}],"wp:term":[{"taxonomy":"region","embeddable":true,"href":"https:\/\/westgem.shop\/fr\/wp-json\/wp\/v2\/region?post=2724"},{"taxonomy":"product_brand","embeddable":true,"href":"https:\/\/westgem.shop\/fr\/wp-json\/wp\/v2\/product_brand?post=2724"},{"taxonomy":"product_cat","embeddable":true,"href":"https:\/\/westgem.shop\/fr\/wp-json\/wp\/v2\/product_cat?post=2724"},{"taxonomy":"product_tag","embeddable":true,"href":"https:\/\/westgem.shop\/fr\/wp-json\/wp\/v2\/product_tag?post=2724"}],"curies":[{"name":"wp","href":"https:\/\/api.w.org\/{rel}","templated":true}]}}