{"id":2725,"date":"2001-11-17T00:00:00","date_gmt":"2001-11-17T00:00:00","guid":{"rendered":"https:\/\/miners.rocks\/product\/rhodochrosit-argentinien\/"},"modified":"2020-05-19T17:01:17","modified_gmt":"2020-05-19T17:01:17","slug":"rhodochrosite-argentine","status":"publish","type":"product","link":"https:\/\/westgem.shop\/fr\/produit\/rhodochrosite-argentine\/","title":{"rendered":"RHODOCHROSITE - ARGENTINE"},"content":{"rendered":"<p>TOP qualit\u00e9.<\/p>\n<p>RHODOCHROSIT - ou PATIN DE FRAMBOISE<\/p>\n<p>Formation de tr\u00e8s belle couleur avec des couches claires et fonc\u00e9es et des couches dentel\u00e9es. Ces RHODOCHROSITES sont tr\u00e8s recherch\u00e9es comme pierres d'ornement et de d\u00e9coration.<\/p>\n<p>Cette pi\u00e8ce provient d'une ancienne collection, est polie d'un c\u00f4t\u00e9.<\/p>\n<p>La d\u00e9couverte a lieu pr\u00e8s de San Luiz - MENDOZA - ARGENTINE.<\/p>\n<p>Le poids de la plaque est de 75 g Dimensions : 7 x 6,5 x 0,5 cm<\/p>\n<p>Les parties m\u00e9talliques brillantes de la cro\u00fbte sont en PYRITE<\/p>\n<p>1 photo avec r\u00e9tro\u00e9clairage.<\/p>","protected":false},"excerpt":{"rendered":"<p>Qualit\u00e9 TOP. RHODOCHROSITE - ou PHIMBERESPATE Formation de tr\u00e8s belle couleur avec des couches claires et fonc\u00e9es et des couches dentel\u00e9es. Cette RHODOCHROSITE est tr\u00e8s recherch\u00e9e comme pierre d'ornement et de d\u00e9coration. Cette pi\u00e8ce provient d'une ancienne collection, elle est polie d'un c\u00f4t\u00e9. Elle a \u00e9t\u00e9 trouv\u00e9e \u00e0 San Luiz - MENDOZA - ARGENTINE. Le poids de la plaque est de 75 g Dimensions : 7 x 6,5 x [...].<\/p>","protected":false},"featured_media":4259,"template":"","meta":{"_acf_changed":false},"region":[],"product_brand":[],"product_cat":[15],"product_tag":[],"class_list":{"0":"post-2725","1":"product","2":"type-product","3":"status-publish","4":"has-post-thumbnail","6":"product_cat-mineralien","8":"first","9":"outofstock","10":"sold-individually","11":"product-type-simple"},"acf":[],"_links":{"self":[{"href":"https:\/\/westgem.shop\/fr\/wp-json\/wp\/v2\/product\/2725","targetHints":{"allow":["GET"]}}],"collection":[{"href":"https:\/\/westgem.shop\/fr\/wp-json\/wp\/v2\/product"}],"about":[{"href":"https:\/\/westgem.shop\/fr\/wp-json\/wp\/v2\/types\/product"}],"wp:featuredmedia":[{"embeddable":true,"href":"https:\/\/westgem.shop\/fr\/wp-json\/wp\/v2\/media\/4259"}],"wp:attachment":[{"href":"https:\/\/westgem.shop\/fr\/wp-json\/wp\/v2\/media?parent=2725"}],"wp:term":[{"taxonomy":"region","embeddable":true,"href":"https:\/\/westgem.shop\/fr\/wp-json\/wp\/v2\/region?post=2725"},{"taxonomy":"product_brand","embeddable":true,"href":"https:\/\/westgem.shop\/fr\/wp-json\/wp\/v2\/product_brand?post=2725"},{"taxonomy":"product_cat","embeddable":true,"href":"https:\/\/westgem.shop\/fr\/wp-json\/wp\/v2\/product_cat?post=2725"},{"taxonomy":"product_tag","embeddable":true,"href":"https:\/\/westgem.shop\/fr\/wp-json\/wp\/v2\/product_tag?post=2725"}],"curies":[{"name":"wp","href":"https:\/\/api.w.org\/{rel}","templated":true}]}}