{"id":2726,"date":"2001-11-18T00:00:00","date_gmt":"2001-11-18T00:00:00","guid":{"rendered":"https:\/\/miners.rocks\/product\/1a-malachit-eins-poliert\/"},"modified":"2020-05-19T17:01:18","modified_gmt":"2020-05-19T17:01:18","slug":"1a-malachite-une-polie","status":"publish","type":"product","link":"https:\/\/westgem.shop\/fr\/produit\/1a-malachite-une-polie\/","title":{"rendered":"1A Malachite - 1. polie"},"content":{"rendered":"<p>Malachite de premi\u00e8re qualit\u00e9 - polie d'un c\u00f4t\u00e9 au-dessus des stalagtites.<\/p>\n<p>De magnifiques \"yeux\" et un liser\u00e9 clair-obscur.<\/p>\n<p>Mine de Lukashi - Congo<\/p>\n<p>Poids : 150 g Dimensions : 9 x 5 x 1,5 cm<\/p>","protected":false},"excerpt":{"rendered":"<p>Malachite de premi\u00e8re qualit\u00e9 - polie d'un c\u00f4t\u00e9 au-dessus des stalagtites. Magnifiques \"yeux\" et liser\u00e9 clair-obscur. Mine de Lukashi - Congo Poids : 150 g Dimensions : 9 x 5 x 1,5 cm<\/p>","protected":false},"featured_media":4262,"template":"","meta":{"_acf_changed":false},"region":[],"product_brand":[],"product_cat":[15],"product_tag":[],"class_list":{"0":"post-2726","1":"product","2":"type-product","3":"status-publish","4":"has-post-thumbnail","6":"product_cat-mineralien","8":"first","9":"outofstock","10":"sold-individually","11":"product-type-simple"},"acf":[],"_links":{"self":[{"href":"https:\/\/westgem.shop\/fr\/wp-json\/wp\/v2\/product\/2726","targetHints":{"allow":["GET"]}}],"collection":[{"href":"https:\/\/westgem.shop\/fr\/wp-json\/wp\/v2\/product"}],"about":[{"href":"https:\/\/westgem.shop\/fr\/wp-json\/wp\/v2\/types\/product"}],"wp:featuredmedia":[{"embeddable":true,"href":"https:\/\/westgem.shop\/fr\/wp-json\/wp\/v2\/media\/4262"}],"wp:attachment":[{"href":"https:\/\/westgem.shop\/fr\/wp-json\/wp\/v2\/media?parent=2726"}],"wp:term":[{"taxonomy":"region","embeddable":true,"href":"https:\/\/westgem.shop\/fr\/wp-json\/wp\/v2\/region?post=2726"},{"taxonomy":"product_brand","embeddable":true,"href":"https:\/\/westgem.shop\/fr\/wp-json\/wp\/v2\/product_brand?post=2726"},{"taxonomy":"product_cat","embeddable":true,"href":"https:\/\/westgem.shop\/fr\/wp-json\/wp\/v2\/product_cat?post=2726"},{"taxonomy":"product_tag","embeddable":true,"href":"https:\/\/westgem.shop\/fr\/wp-json\/wp\/v2\/product_tag?post=2726"}],"curies":[{"name":"wp","href":"https:\/\/api.w.org\/{rel}","templated":true}]}}