{"id":2727,"date":"2001-11-19T00:00:00","date_gmt":"2001-11-19T00:00:00","guid":{"rendered":"https:\/\/miners.rocks\/product\/handgeschl-kugel-versteinertes-holz\/"},"modified":"2020-05-19T17:01:18","modified_gmt":"2020-05-19T17:01:18","slug":"boule-artisanale-en-bois-petrifie","status":"publish","type":"product","link":"https:\/\/westgem.shop\/fr\/produit\/boule-artisanale-en-bois-petrifie\/","title":{"rendered":"BOUCLE FERMEE A LA MAIN - BOIS GRIS"},"content":{"rendered":"<p>Tr\u00e8s grande - diam\u00e8tre 10 cm ! - boule attractive - taill\u00e9e et polie \u00e0 la main.<\/p>\n<p>BOIS POLI - datant d'environ 100 millions d'ann\u00e9es, provenant des sites du Mont Bity dans la vall\u00e9e de Manando \u00e0 Madagascar.<\/p>\n<p>Superbes textures color\u00e9es et cavit\u00e9s avec des cristaux de quartz scintillants.<\/p>\n<p>Un objet qui attire l'attention, m\u00eame sur un bureau ou dans une vitrine.<\/p>\n<p>INCL. PLEXI TIGES DE BILLES ! GRATUIT<\/p>\n<p>Le poids de la balle est <u> 1,2 KILOGRAMME<\/u><\/p>","protected":false},"excerpt":{"rendered":"<p>Tr\u00e8s grande - diam\u00e8tre 10 cm ! - boule attrayante - taill\u00e9e et polie \u00e0 la main. BOIS POLI - datant d'environ 100 millions d'ann\u00e9es, provenant des gisements du Mont Bity dans la vall\u00e9e de Manando \u00e0 Madagascar. Superbes structures color\u00e9es et cavit\u00e9s avec des cristaux de quartz scintillants. Un objet qui attire le regard, m\u00eame sur un bureau ou dans une vitrine. INCL. PLEXI TIGES DE BILLES ! Poids GRATUIT [...]<\/p>","protected":false},"featured_media":4265,"template":"","meta":{"_acf_changed":false},"region":[],"product_brand":[],"product_cat":[15],"product_tag":[],"class_list":{"0":"post-2727","1":"product","2":"type-product","3":"status-publish","4":"has-post-thumbnail","6":"product_cat-mineralien","8":"first","9":"outofstock","10":"sold-individually","11":"product-type-simple"},"acf":[],"_links":{"self":[{"href":"https:\/\/westgem.shop\/fr\/wp-json\/wp\/v2\/product\/2727","targetHints":{"allow":["GET"]}}],"collection":[{"href":"https:\/\/westgem.shop\/fr\/wp-json\/wp\/v2\/product"}],"about":[{"href":"https:\/\/westgem.shop\/fr\/wp-json\/wp\/v2\/types\/product"}],"wp:featuredmedia":[{"embeddable":true,"href":"https:\/\/westgem.shop\/fr\/wp-json\/wp\/v2\/media\/4265"}],"wp:attachment":[{"href":"https:\/\/westgem.shop\/fr\/wp-json\/wp\/v2\/media?parent=2727"}],"wp:term":[{"taxonomy":"region","embeddable":true,"href":"https:\/\/westgem.shop\/fr\/wp-json\/wp\/v2\/region?post=2727"},{"taxonomy":"product_brand","embeddable":true,"href":"https:\/\/westgem.shop\/fr\/wp-json\/wp\/v2\/product_brand?post=2727"},{"taxonomy":"product_cat","embeddable":true,"href":"https:\/\/westgem.shop\/fr\/wp-json\/wp\/v2\/product_cat?post=2727"},{"taxonomy":"product_tag","embeddable":true,"href":"https:\/\/westgem.shop\/fr\/wp-json\/wp\/v2\/product_tag?post=2727"}],"curies":[{"name":"wp","href":"https:\/\/api.w.org\/{rel}","templated":true}]}}