{"id":2728,"date":"2001-11-20T00:00:00","date_gmt":"2001-11-20T00:00:00","guid":{"rendered":"https:\/\/miners.rocks\/product\/kugel-versteinertes-holz-2\/"},"modified":"2020-05-19T17:01:19","modified_gmt":"2020-05-19T17:01:19","slug":"boule-de-bois-petrifie-2","status":"publish","type":"product","link":"https:\/\/westgem.shop\/fr\/produit\/boule-de-bois-petrifie-2\/","title":{"rendered":"Boule en BOIS ROCKE"},"content":{"rendered":"<p>Tr\u00e8s belle BOULE d\u00e9corative en BOIS GRIS<\/p>\n<p>environ 199 millions d'ann\u00e9es<\/p>\n<p>localisation de la trouvaille : Mt. Bity - Vall\u00e9e de Manando - Madagascar<\/p>\n<p>INCL. GRATUIT Support de boule en plexiglas !<\/p>\n<p>Poids : 660 g Le diam\u00e8tre de la sph\u00e8re est de 8 cm<\/p>","protected":false},"excerpt":{"rendered":"<p>Tr\u00e8s belle BOULE d\u00e9corative en BOIS PERFOR\u00c9, datant d'environ 199 millions d'ann\u00e9es, d\u00e9couverte au Mt. Bity - Vall\u00e9e de Manando - Madagascar INCL. Support de boule en plexiglas GRATUIT ! Poids : 660 g Diam\u00e8tre de la boule : 8 cm<\/p>","protected":false},"featured_media":4268,"template":"","meta":{"_acf_changed":false},"region":[],"product_brand":[],"product_cat":[15],"product_tag":[],"class_list":{"0":"post-2728","1":"product","2":"type-product","3":"status-publish","4":"has-post-thumbnail","6":"product_cat-mineralien","8":"first","9":"outofstock","10":"sold-individually","11":"product-type-simple"},"acf":[],"_links":{"self":[{"href":"https:\/\/westgem.shop\/fr\/wp-json\/wp\/v2\/product\/2728","targetHints":{"allow":["GET"]}}],"collection":[{"href":"https:\/\/westgem.shop\/fr\/wp-json\/wp\/v2\/product"}],"about":[{"href":"https:\/\/westgem.shop\/fr\/wp-json\/wp\/v2\/types\/product"}],"wp:featuredmedia":[{"embeddable":true,"href":"https:\/\/westgem.shop\/fr\/wp-json\/wp\/v2\/media\/4268"}],"wp:attachment":[{"href":"https:\/\/westgem.shop\/fr\/wp-json\/wp\/v2\/media?parent=2728"}],"wp:term":[{"taxonomy":"region","embeddable":true,"href":"https:\/\/westgem.shop\/fr\/wp-json\/wp\/v2\/region?post=2728"},{"taxonomy":"product_brand","embeddable":true,"href":"https:\/\/westgem.shop\/fr\/wp-json\/wp\/v2\/product_brand?post=2728"},{"taxonomy":"product_cat","embeddable":true,"href":"https:\/\/westgem.shop\/fr\/wp-json\/wp\/v2\/product_cat?post=2728"},{"taxonomy":"product_tag","embeddable":true,"href":"https:\/\/westgem.shop\/fr\/wp-json\/wp\/v2\/product_tag?post=2728"}],"curies":[{"name":"wp","href":"https:\/\/api.w.org\/{rel}","templated":true}]}}