{"id":2729,"date":"2001-11-21T00:00:00","date_gmt":"2001-11-21T00:00:00","guid":{"rendered":"https:\/\/miners.rocks\/product\/aquamarin-x-in-quarz\/"},"modified":"2020-05-19T17:01:20","modified_gmt":"2020-05-19T17:01:20","slug":"aigue-marine-x-en-quartz","status":"publish","type":"product","link":"https:\/\/westgem.shop\/fr\/produit\/aigue-marine-x-en-quartz\/","title":{"rendered":"AQUAMARIN X en quartz"},"content":{"rendered":"<p>Tr\u00e8s beau cristal AQUAMARIN, transparent comme un tramway, avec une tr\u00e8s bonne couleur.<\/p>\n<p>Cette pi\u00e8ce a \u00e9t\u00e9 acquise par une collectionneuse dans les ann\u00e9es 1960 et est maintenant en vente ici.<\/p>\n<p>La qualit\u00e9 de ces AQUAMARINS n'a rien \u00e0 voir avec les cristaux BERYLL troubles vendus dans les bourses et sur les march\u00e9s pour quelques euros.<\/p>\n<p>Localisation de la trouvaille : Teofilio Otoni - BRESIL<\/p>\n<p>Poids : 110 g 6 x 5 x 4 cm AQUAMARIN - 3,5 cm de long et 0,7 cm de large<\/p>","protected":false},"excerpt":{"rendered":"<p>Tr\u00e8s beau cristal AQUAMARIN transparent avec une tr\u00e8s bonne couleur. Cette pi\u00e8ce a \u00e9t\u00e9 acquise par une collectionneuse dans les ann\u00e9es 1960 et est maintenant en vente. La qualit\u00e9 de cette AQUAMARINE n'a rien \u00e0 voir avec les cristaux BERYLL troubles vendus dans les bourses et sur les march\u00e9s pour quelques euros. Lieu de d\u00e9couverte de cette pi\u00e8ce : Teofilio Otoni - [...].<\/p>","protected":false},"featured_media":4271,"template":"","meta":{"_acf_changed":false},"region":[],"product_brand":[],"product_cat":[15],"product_tag":[],"class_list":{"0":"post-2729","1":"product","2":"type-product","3":"status-publish","4":"has-post-thumbnail","6":"product_cat-mineralien","8":"first","9":"outofstock","10":"sold-individually","11":"product-type-simple"},"acf":[],"_links":{"self":[{"href":"https:\/\/westgem.shop\/fr\/wp-json\/wp\/v2\/product\/2729","targetHints":{"allow":["GET"]}}],"collection":[{"href":"https:\/\/westgem.shop\/fr\/wp-json\/wp\/v2\/product"}],"about":[{"href":"https:\/\/westgem.shop\/fr\/wp-json\/wp\/v2\/types\/product"}],"wp:featuredmedia":[{"embeddable":true,"href":"https:\/\/westgem.shop\/fr\/wp-json\/wp\/v2\/media\/4271"}],"wp:attachment":[{"href":"https:\/\/westgem.shop\/fr\/wp-json\/wp\/v2\/media?parent=2729"}],"wp:term":[{"taxonomy":"region","embeddable":true,"href":"https:\/\/westgem.shop\/fr\/wp-json\/wp\/v2\/region?post=2729"},{"taxonomy":"product_brand","embeddable":true,"href":"https:\/\/westgem.shop\/fr\/wp-json\/wp\/v2\/product_brand?post=2729"},{"taxonomy":"product_cat","embeddable":true,"href":"https:\/\/westgem.shop\/fr\/wp-json\/wp\/v2\/product_cat?post=2729"},{"taxonomy":"product_tag","embeddable":true,"href":"https:\/\/westgem.shop\/fr\/wp-json\/wp\/v2\/product_tag?post=2729"}],"curies":[{"name":"wp","href":"https:\/\/api.w.org\/{rel}","templated":true}]}}