{"id":2730,"date":"2001-11-22T00:00:00","date_gmt":"2001-11-22T00:00:00","guid":{"rendered":"https:\/\/miners.rocks\/product\/schwarze-turmaline-koralpe\/"},"modified":"2020-05-19T17:01:21","modified_gmt":"2020-05-19T17:01:21","slug":"tourmaline-noire-corail","status":"publish","type":"product","link":"https:\/\/westgem.shop\/fr\/produit\/tourmaline-noire-corail\/","title":{"rendered":"TURMALINE noire - CORALE"},"content":{"rendered":"<p>Un niveau ALPINE TURMALIN tr\u00e8s spectaculaire avec de beaux cristaux brillants. Nous allons nous-m\u00eames r\u00e9guli\u00e8rement \u00e0 la recherche de min\u00e9raux dans cette r\u00e9gion, nous trouvons parfois encore quelques niveaux utilisables, mais de tels niveaux n'existent plus.<\/p>\n<p>Cette pi\u00e8ce provient du site de Mischlingsgraben sur le Kopralpe dans l'est de la Carinthie, \u00e0 la fronti\u00e8re avec la Styrie. Ce site a livr\u00e9 il y a environ 50 ans de superbes min\u00e9raux, en particulier des TURMALINES noires, et en voici une autre qui a refait surface.<\/p>\n<p>L'ancien cristallin du Koralpe a environ 120 millions d'ann\u00e9es et on y trouve r\u00e9guli\u00e8rement des affleurements de PEGMATIT avec divers cristaux.<\/p>\n<p>TURMALINE NOIRE XX en PEGMATITE Quartz<\/p>\n<p>Le poids de ce niveau \"Nostalgie\" est de : 800 g (o,8 Kg)<\/p>\n<p>Dimensions : 15 x 10 x 8 cm<\/p>","protected":false},"excerpt":{"rendered":"<p>Un niveau ALPINE TURMALIN tr\u00e8s spectaculaire avec de beaux cristaux brillants. Nous allons nous-m\u00eames r\u00e9guli\u00e8rement \u00e0 la recherche de min\u00e9raux dans cette r\u00e9gion, nous trouvons parfois encore quelques niveaux utilisables, mais ceux-ci ne sont plus disponibles. Cette pi\u00e8ce provient du site de Mischlingsgraben sur le Kopralpe dans l'est de la Carinthie, \u00e0 la fronti\u00e8re avec la Styrie, qui a livr\u00e9 il y a environ 50 ans [...].<\/p>","protected":false},"featured_media":4276,"template":"","meta":{"_acf_changed":false},"region":[],"product_brand":[],"product_cat":[15],"product_tag":[],"class_list":{"0":"post-2730","1":"product","2":"type-product","3":"status-publish","4":"has-post-thumbnail","6":"product_cat-mineralien","8":"first","9":"outofstock","10":"sold-individually","11":"product-type-simple"},"acf":[],"_links":{"self":[{"href":"https:\/\/westgem.shop\/fr\/wp-json\/wp\/v2\/product\/2730","targetHints":{"allow":["GET"]}}],"collection":[{"href":"https:\/\/westgem.shop\/fr\/wp-json\/wp\/v2\/product"}],"about":[{"href":"https:\/\/westgem.shop\/fr\/wp-json\/wp\/v2\/types\/product"}],"wp:featuredmedia":[{"embeddable":true,"href":"https:\/\/westgem.shop\/fr\/wp-json\/wp\/v2\/media\/4276"}],"wp:attachment":[{"href":"https:\/\/westgem.shop\/fr\/wp-json\/wp\/v2\/media?parent=2730"}],"wp:term":[{"taxonomy":"region","embeddable":true,"href":"https:\/\/westgem.shop\/fr\/wp-json\/wp\/v2\/region?post=2730"},{"taxonomy":"product_brand","embeddable":true,"href":"https:\/\/westgem.shop\/fr\/wp-json\/wp\/v2\/product_brand?post=2730"},{"taxonomy":"product_cat","embeddable":true,"href":"https:\/\/westgem.shop\/fr\/wp-json\/wp\/v2\/product_cat?post=2730"},{"taxonomy":"product_tag","embeddable":true,"href":"https:\/\/westgem.shop\/fr\/wp-json\/wp\/v2\/product_tag?post=2730"}],"curies":[{"name":"wp","href":"https:\/\/api.w.org\/{rel}","templated":true}]}}