{"id":2731,"date":"2001-11-23T00:00:00","date_gmt":"2001-11-23T00:00:00","guid":{"rendered":"https:\/\/miners.rocks\/product\/schwefel-xx-sizilien\/"},"modified":"2020-05-19T17:01:21","modified_gmt":"2020-05-19T17:01:21","slug":"soufre-xx-sicile","status":"publish","type":"product","link":"https:\/\/westgem.shop\/fr\/produit\/soufre-xx-sicile\/","title":{"rendered":"SCHWEFEL xx - SICILE"},"content":{"rendered":"<p>Niveau de cristal de premi\u00e8re qualit\u00e9 de SIZILEN - provient des c\u00e9l\u00e8bres d\u00e9couvertes des ann\u00e9es 1970.<\/p>\n<p>SCHWEFEL xx sur DOLOMIT et CALCIT xx-<\/p>\n<p>Belle CRISTALE DE SOUFRE avec des surfaces cristallines et une super couleur. Depuis cette \u00e9poque, on ne trouve presque plus de cristaux de sulfure de premi\u00e8re qualit\u00e9 dans cette r\u00e9gion, ce qui est \u00e9tonnant, car les gisements de sulfure de SICILE \u00e9taient d\u00e9j\u00e0 connus des Grecs et des Romains et ont \u00e9t\u00e9 exploit\u00e9s de mani\u00e8re intensive depuis lors.<\/p>\n<p> Malheureusement, nous n'avons que cette seule marche \u00e0 proposer, issue d'une ancienne collection. Il y a encore 15 ans, les marches SCHWEFEL n'avaient rien de sp\u00e9cial et \u00e9taient parfois achet\u00e9es uniquement pour leur couleur jaune vif. Aujourd'hui, il est tr\u00e8s, tr\u00e8s rare de voir de belles marches, m\u00eame celles en provenance de Bolivie.<\/p>\n<p>localisation de la trouvaille : COZZADISI - AGRIGENT - SICILE<\/p>\n<p>Poids : 340 g Dimensions:17 x 6 x 4 cm xx \u00e0 1 cm<\/p>","protected":false},"excerpt":{"rendered":"<p>Niveau de cristal de premi\u00e8re qualit\u00e9 de SIZILEN - provient des c\u00e9l\u00e8bres d\u00e9couvertes des ann\u00e9es 1970. SCHWEFEL xx sur DOLOMIT et CALCIT xx- Belle CRISTALE DE SCHWEFEL avec des surfaces cristallines et une super couleur. Depuis cette \u00e9poque, on ne trouve plus gu\u00e8re d'\u00e9chelons SCHWEFEL de premi\u00e8re qualit\u00e9 dans cette r\u00e9gion, ce qui est en fait surprenant, car les gisements de soufre de SICILE \u00e9taient d\u00e9j\u00e0 connus des Grecs anciens et [...].<\/p>","protected":false},"featured_media":4282,"template":"","meta":{"_acf_changed":false},"region":[],"product_brand":[],"product_cat":[15],"product_tag":[],"class_list":{"0":"post-2731","1":"product","2":"type-product","3":"status-publish","4":"has-post-thumbnail","6":"product_cat-mineralien","8":"first","9":"outofstock","10":"sold-individually","11":"product-type-simple"},"acf":[],"_links":{"self":[{"href":"https:\/\/westgem.shop\/fr\/wp-json\/wp\/v2\/product\/2731","targetHints":{"allow":["GET"]}}],"collection":[{"href":"https:\/\/westgem.shop\/fr\/wp-json\/wp\/v2\/product"}],"about":[{"href":"https:\/\/westgem.shop\/fr\/wp-json\/wp\/v2\/types\/product"}],"wp:featuredmedia":[{"embeddable":true,"href":"https:\/\/westgem.shop\/fr\/wp-json\/wp\/v2\/media\/4282"}],"wp:attachment":[{"href":"https:\/\/westgem.shop\/fr\/wp-json\/wp\/v2\/media?parent=2731"}],"wp:term":[{"taxonomy":"region","embeddable":true,"href":"https:\/\/westgem.shop\/fr\/wp-json\/wp\/v2\/region?post=2731"},{"taxonomy":"product_brand","embeddable":true,"href":"https:\/\/westgem.shop\/fr\/wp-json\/wp\/v2\/product_brand?post=2731"},{"taxonomy":"product_cat","embeddable":true,"href":"https:\/\/westgem.shop\/fr\/wp-json\/wp\/v2\/product_cat?post=2731"},{"taxonomy":"product_tag","embeddable":true,"href":"https:\/\/westgem.shop\/fr\/wp-json\/wp\/v2\/product_tag?post=2731"}],"curies":[{"name":"wp","href":"https:\/\/api.w.org\/{rel}","templated":true}]}}