{"id":2732,"date":"2001-11-24T00:00:00","date_gmt":"2001-11-24T00:00:00","guid":{"rendered":"https:\/\/miners.rocks\/product\/rutil-xx-in-quarz-saualpe\/"},"modified":"2020-05-19T17:01:22","modified_gmt":"2020-05-19T17:01:22","slug":"rutile-xx-dans-quartz-saualpe","status":"publish","type":"product","link":"https:\/\/westgem.shop\/fr\/produit\/rutile-xx-dans-quartz-saualpe\/","title":{"rendered":"RUTIL xx en quartz - SAUALPE"},"content":{"rendered":"<p>Tr\u00e8s beau cristal RUTIL en quartz<\/p>\n<p>RUTIL - TITANOXYD en cristaux relativement grands a \u00e9t\u00e9 trouv\u00e9 \u00e0 plusieurs reprises sur le SAUALPE \u00e0 Ost\u00e4rnten. Sur le Ladinger Spitze, le point culminant du complexe SAUALPEN (plus de 2.000 m) en direction de Wolfsberg, on voit encore aujourd'hui de nombreux blocs de quartz bris\u00e9s. C'est ici que l'on cherchait les RUTILES des Alpes de la S\u00fbre tant convoit\u00e9es .<\/p>\n<p>A premi\u00e8re vue, il ressemble \u00e0 un cristal de GRANAT, mais en y regardant de plus pr\u00e8s, il est M\u00c9TALLIQUE et non pas translucide comme le grenat typique.<\/p>\n<p>Pi\u00e8ce justificative de premi\u00e8re classe provenant d'une ancienne collection.<\/p>\n<p>Poids : 610 g Dimensions : 11 x 8 x 5 cm Le CRISTAL RUTILE mesure pr\u00e8s de 2 cm.<\/p>","protected":false},"excerpt":{"rendered":"<p>Tr\u00e8s beau cristal RUTIL en quartz RUTIL - TITANOXYD en cristaux relativement grands a \u00e9t\u00e9 trouv\u00e9 \u00e0 plusieurs reprises sur le SAUALPE \u00e0 Ost\u00e4rnten. Sur le Ladinger Spitze, le point culminant du complexe SAUALPEN (plus de 2.000 m) en direction de Wolfsberg, on voit encore aujourd'hui de nombreux blocs de quartz bris\u00e9s. C'est ici que l'on cherchait les RUTILES des Alpes de la S\u00fbre, tr\u00e8s convoit\u00e9es [...].<\/p>","protected":false},"featured_media":4287,"template":"","meta":{"_acf_changed":false},"region":[],"product_brand":[],"product_cat":[15],"product_tag":[],"class_list":{"0":"post-2732","1":"product","2":"type-product","3":"status-publish","4":"has-post-thumbnail","6":"product_cat-mineralien","8":"first","9":"outofstock","10":"sold-individually","11":"product-type-simple"},"acf":[],"_links":{"self":[{"href":"https:\/\/westgem.shop\/fr\/wp-json\/wp\/v2\/product\/2732","targetHints":{"allow":["GET"]}}],"collection":[{"href":"https:\/\/westgem.shop\/fr\/wp-json\/wp\/v2\/product"}],"about":[{"href":"https:\/\/westgem.shop\/fr\/wp-json\/wp\/v2\/types\/product"}],"wp:featuredmedia":[{"embeddable":true,"href":"https:\/\/westgem.shop\/fr\/wp-json\/wp\/v2\/media\/4287"}],"wp:attachment":[{"href":"https:\/\/westgem.shop\/fr\/wp-json\/wp\/v2\/media?parent=2732"}],"wp:term":[{"taxonomy":"region","embeddable":true,"href":"https:\/\/westgem.shop\/fr\/wp-json\/wp\/v2\/region?post=2732"},{"taxonomy":"product_brand","embeddable":true,"href":"https:\/\/westgem.shop\/fr\/wp-json\/wp\/v2\/product_brand?post=2732"},{"taxonomy":"product_cat","embeddable":true,"href":"https:\/\/westgem.shop\/fr\/wp-json\/wp\/v2\/product_cat?post=2732"},{"taxonomy":"product_tag","embeddable":true,"href":"https:\/\/westgem.shop\/fr\/wp-json\/wp\/v2\/product_tag?post=2732"}],"curies":[{"name":"wp","href":"https:\/\/api.w.org\/{rel}","templated":true}]}}