{"id":2733,"date":"2001-11-25T00:00:00","date_gmt":"2001-11-25T00:00:00","guid":{"rendered":"https:\/\/miners.rocks\/product\/jaspis-eisenkappel-kaernten\/"},"modified":"2020-05-19T17:01:23","modified_gmt":"2020-05-19T17:01:23","slug":"jaspis-eisenkappel-kaernten","status":"publish","type":"product","link":"https:\/\/westgem.shop\/fr\/produit\/jaspis-eisenkappel-kaernten\/","title":{"rendered":"JASPIS - EISENKAPPEL\/CARINTHIE"},"content":{"rendered":"<p>JASPIS ROHSTEIN des CARAWANKES du sud de la Carinthie.<\/p>\n<p>L'\u00e9tiquette d\u00e9j\u00e0 tr\u00e8s jaunie et \u00e0 peine lisible, coll\u00e9e sur le dessous, disait.. :<\/p>\n<p><u>JASPIS en calcaire pal\u00e9ozo\u00efque Galerie au nord de EISENKAPPEL.<\/u><\/p>\n<p>Nous ne pouvons pas en dire plus, juste que nous n'avions jamais vu cela auparavant.<\/p>\n<p>Poids : exactement 1 kilogramme Dimensions : 13 x 11 x 7 cm<\/p>\n<p>Le prix est plut\u00f4t SYMBOLIQUE !<\/p>","protected":false},"excerpt":{"rendered":"<p>JASPIS ROHSTEIN des CARAWANKES du sud de la Cr\u00e8te. L'\u00e9tiquette d\u00e9j\u00e0 tr\u00e8s jaunie et \u00e0 peine lisible, coll\u00e9e sur la face inf\u00e9rieure, indiquait : JASPIS de galerie de calcaire pal\u00e9ozo\u00efque au nord d'EISENKAPPEL. Nous ne pouvons pas en dire plus, juste que nous ne l'avions jamais vu auparavant. Poids : exactement 1 kilogramme Dimensions : 13 x 11 x 7 cm [...].<\/p>","protected":false},"featured_media":4290,"template":"","meta":{"_acf_changed":false},"region":[],"product_brand":[],"product_cat":[15],"product_tag":[],"class_list":{"0":"post-2733","1":"product","2":"type-product","3":"status-publish","4":"has-post-thumbnail","6":"product_cat-mineralien","8":"first","9":"outofstock","10":"sold-individually","11":"product-type-simple"},"acf":[],"_links":{"self":[{"href":"https:\/\/westgem.shop\/fr\/wp-json\/wp\/v2\/product\/2733","targetHints":{"allow":["GET"]}}],"collection":[{"href":"https:\/\/westgem.shop\/fr\/wp-json\/wp\/v2\/product"}],"about":[{"href":"https:\/\/westgem.shop\/fr\/wp-json\/wp\/v2\/types\/product"}],"wp:featuredmedia":[{"embeddable":true,"href":"https:\/\/westgem.shop\/fr\/wp-json\/wp\/v2\/media\/4290"}],"wp:attachment":[{"href":"https:\/\/westgem.shop\/fr\/wp-json\/wp\/v2\/media?parent=2733"}],"wp:term":[{"taxonomy":"region","embeddable":true,"href":"https:\/\/westgem.shop\/fr\/wp-json\/wp\/v2\/region?post=2733"},{"taxonomy":"product_brand","embeddable":true,"href":"https:\/\/westgem.shop\/fr\/wp-json\/wp\/v2\/product_brand?post=2733"},{"taxonomy":"product_cat","embeddable":true,"href":"https:\/\/westgem.shop\/fr\/wp-json\/wp\/v2\/product_cat?post=2733"},{"taxonomy":"product_tag","embeddable":true,"href":"https:\/\/westgem.shop\/fr\/wp-json\/wp\/v2\/product_tag?post=2733"}],"curies":[{"name":"wp","href":"https:\/\/api.w.org\/{rel}","templated":true}]}}