{"id":2734,"date":"2001-11-26T00:00:00","date_gmt":"2001-11-26T00:00:00","guid":{"rendered":"https:\/\/miners.rocks\/product\/chalcedon-huettenberg\/"},"modified":"2020-05-19T17:01:23","modified_gmt":"2020-05-19T17:01:23","slug":"calcedoine-huettenberg","status":"publish","type":"product","link":"https:\/\/westgem.shop\/fr\/produit\/calcedoine-huettenberg\/","title":{"rendered":"CHALC\u00c9DOINE - H\u00dcTTENBERG"},"content":{"rendered":"<p>CHALCEDON bleu pigeon avec CRISTAL DE MONTAGNE xx<\/p>\n<p>Ces CHALCEDONE sont tr\u00e8s recherch\u00e9s par les collectionneurs, min\u00e9ral typique, de l'exploitation mini\u00e8re de H\u00fcttenberg. Il y a plus de 2000 ans, les Celtes et les Romains y extrayaient d\u00e9j\u00e0 le fameux minerai de fer nordique.<\/p>\n<p>. L'exploitation mini\u00e8re a \u00e9t\u00e9 arr\u00eat\u00e9e en 1970. A H\u00fcttenberg, on a trouv\u00e9 plus de 50 min\u00e9raux diff\u00e9rents, bien s\u00fbr aussi de superbes niveaux, par exemple COELESTIN, BUNTPYRITE, CALCITE , L\u00f6LINGIT ......... et dans les zones d'oxydation des gisements de minerai aussi de tr\u00e8s belles CHALCEDONE color\u00e9es en bleu par des ions de fer. Les bons morceaux sont malheureusement difficiles \u00e0 trouver.<\/p>\n<p>Cette pi\u00e8ce d'une belle couleur p\u00e8se 810 g.<\/p>\n<p>Dimensions : 12 x 10 x 8 cm<\/p>","protected":false},"excerpt":{"rendered":"<p>CHALCEDONE bleu pigeon avec CRISTAL DE MONTAGNE xx Ces CHALCEDONE sont tr\u00e8s recherch\u00e9s par les collectionneurs, min\u00e9ral typique, de l'exploitation mini\u00e8re de H\u00fcttenberg. Il y a plus de 2.000 ans, les KELTEN et les R\u00f6MER exploitaient d\u00e9j\u00e0 ici le fameux minerai de fer nordique. L'exploitation mini\u00e8re a cess\u00e9 en 1970. A H\u00fcttenberg, on a trouv\u00e9 plus de 50 min\u00e9raux diff\u00e9rents, et bien s\u00fbr de superbes gradins, par exemple [...].<\/p>","protected":false},"featured_media":4293,"template":"","meta":{"_acf_changed":false},"region":[],"product_brand":[],"product_cat":[15],"product_tag":[],"class_list":{"0":"post-2734","1":"product","2":"type-product","3":"status-publish","4":"has-post-thumbnail","6":"product_cat-mineralien","8":"first","9":"outofstock","10":"sold-individually","11":"product-type-simple"},"acf":[],"_links":{"self":[{"href":"https:\/\/westgem.shop\/fr\/wp-json\/wp\/v2\/product\/2734","targetHints":{"allow":["GET"]}}],"collection":[{"href":"https:\/\/westgem.shop\/fr\/wp-json\/wp\/v2\/product"}],"about":[{"href":"https:\/\/westgem.shop\/fr\/wp-json\/wp\/v2\/types\/product"}],"wp:featuredmedia":[{"embeddable":true,"href":"https:\/\/westgem.shop\/fr\/wp-json\/wp\/v2\/media\/4293"}],"wp:attachment":[{"href":"https:\/\/westgem.shop\/fr\/wp-json\/wp\/v2\/media?parent=2734"}],"wp:term":[{"taxonomy":"region","embeddable":true,"href":"https:\/\/westgem.shop\/fr\/wp-json\/wp\/v2\/region?post=2734"},{"taxonomy":"product_brand","embeddable":true,"href":"https:\/\/westgem.shop\/fr\/wp-json\/wp\/v2\/product_brand?post=2734"},{"taxonomy":"product_cat","embeddable":true,"href":"https:\/\/westgem.shop\/fr\/wp-json\/wp\/v2\/product_cat?post=2734"},{"taxonomy":"product_tag","embeddable":true,"href":"https:\/\/westgem.shop\/fr\/wp-json\/wp\/v2\/product_tag?post=2734"}],"curies":[{"name":"wp","href":"https:\/\/api.w.org\/{rel}","templated":true}]}}