{"id":2735,"date":"2001-11-27T00:00:00","date_gmt":"2001-11-27T00:00:00","guid":{"rendered":"https:\/\/miners.rocks\/product\/muscovit-saualpe\/"},"modified":"2020-05-19T17:01:24","modified_gmt":"2020-05-19T17:01:24","slug":"muscovit-saualpe","status":"publish","type":"product","link":"https:\/\/westgem.shop\/fr\/produit\/muscovit-saualpe\/","title":{"rendered":"MUSCOVIT - SAUALPE"},"content":{"rendered":"<p>Tr\u00e8s grands agr\u00e9gats de cristaux de MUSCOVIT GLIMMER, \u00e0 feuilles tr\u00e8s fines et tr\u00e8s brillantes.<\/p>\n<p>De l'ancienne mine de GLIMMER - ST.LEONHARD sur la SAUALPE<\/p>\n<p>Pi\u00e8ce ancienne provenant d'une ancienne collection - d\u00e9couverte d'avant 1960 !<\/p>\n<p>Poids : 150 g Dimensions : 17 x 6 cm - beaucoup de plaques de muscovite extr\u00eamement fines ensemble.<\/p>","protected":false},"excerpt":{"rendered":"<p>Tr\u00e8s grands agr\u00e9gats de cristaux de MUSCOVIT GLIMMER, \u00e0 feuilles tr\u00e8s fines et tr\u00e8s brillantes. De l'ancienne mine GLIMMER - St.Leonhard ausf der SAUALPE. Pi\u00e8ce ancienne provenant d'une ancienne collection - d\u00e9couverte d'avant 1960 ! Poids : 150 g Dimensions : 17 x 6 cm - beaucoup de plaques de muscovite extr\u00eamement fines ensemble.<\/p>","protected":false},"featured_media":4297,"template":"","meta":{"_acf_changed":false},"region":[],"product_brand":[],"product_cat":[15],"product_tag":[],"class_list":{"0":"post-2735","1":"product","2":"type-product","3":"status-publish","4":"has-post-thumbnail","6":"product_cat-mineralien","8":"first","9":"outofstock","10":"sold-individually","11":"product-type-simple"},"acf":[],"_links":{"self":[{"href":"https:\/\/westgem.shop\/fr\/wp-json\/wp\/v2\/product\/2735","targetHints":{"allow":["GET"]}}],"collection":[{"href":"https:\/\/westgem.shop\/fr\/wp-json\/wp\/v2\/product"}],"about":[{"href":"https:\/\/westgem.shop\/fr\/wp-json\/wp\/v2\/types\/product"}],"wp:featuredmedia":[{"embeddable":true,"href":"https:\/\/westgem.shop\/fr\/wp-json\/wp\/v2\/media\/4297"}],"wp:attachment":[{"href":"https:\/\/westgem.shop\/fr\/wp-json\/wp\/v2\/media?parent=2735"}],"wp:term":[{"taxonomy":"region","embeddable":true,"href":"https:\/\/westgem.shop\/fr\/wp-json\/wp\/v2\/region?post=2735"},{"taxonomy":"product_brand","embeddable":true,"href":"https:\/\/westgem.shop\/fr\/wp-json\/wp\/v2\/product_brand?post=2735"},{"taxonomy":"product_cat","embeddable":true,"href":"https:\/\/westgem.shop\/fr\/wp-json\/wp\/v2\/product_cat?post=2735"},{"taxonomy":"product_tag","embeddable":true,"href":"https:\/\/westgem.shop\/fr\/wp-json\/wp\/v2\/product_tag?post=2735"}],"curies":[{"name":"wp","href":"https:\/\/api.w.org\/{rel}","templated":true}]}}