{"id":2736,"date":"2001-11-28T00:00:00","date_gmt":"2001-11-28T00:00:00","guid":{"rendered":"https:\/\/miners.rocks\/product\/raritaet-beryll-saualpe\/"},"modified":"2020-05-19T17:01:24","modified_gmt":"2020-05-19T17:01:24","slug":"rarete-beryll-saualpe","status":"publish","type":"product","link":"https:\/\/westgem.shop\/fr\/produit\/rarete-beryll-saualpe\/","title":{"rendered":"RARET\u00c9 : B\u00c9RYL - SAUALPE"},"content":{"rendered":"<p>TOPRARIT\u00c9 : Cristal BERYLL bleu-vert dans une matrice de MUSCOVIT - PEGMATITE.<\/p>\n<p>De l'ancienne mine de GLIMMER - ST.LEONHARD sur la SAUALPE<\/p>\n<p>Ces d\u00e9couvertes de BERYLL \u00e9taient connues de tous, mais seuls quelques-uns en ont r\u00e9ellement vu un morceau.<\/p>\n<p>Cette pi\u00e8ce provenant d'une ancienne collection n'est \u00e0 nouveau disponible que par hasard.<\/p>\n<p>Les BERYLLES de la SAUALPE \u00e9taient g\u00e9n\u00e9ralement d'un vert bleut\u00e9 et opaques, les cristaux de pierres pr\u00e9cieuses taillables ne sont pas connus.<\/p>\n<p>Poids de la marche : 120 g Dimensions : 9 x 5 x 3 cm BERYLL est 3 x 2,5 cm<\/p>","protected":false},"excerpt":{"rendered":"<p>TOPRARITE : Cristal de BERYLL bleu-vert dans une matrice de MUSCOVIT - PEGMATIT. De l'ancienne mine de GLIMMER - ST.LEONHARD sur la SAUALPE Ces d\u00e9couvertes de BERYLL \u00e9taient connues de tous, mais seuls quelques-uns ont vraiment vu une pi\u00e8ce. Cette pi\u00e8ce provenant d'une ancienne collection n'est \u00e0 nouveau disponible que par hasard. Les BERYLLES de la SAUALPE \u00e9taient en [...].<\/p>","protected":false},"featured_media":4301,"template":"","meta":{"_acf_changed":false},"region":[],"product_brand":[],"product_cat":[15],"product_tag":[],"class_list":{"0":"post-2736","1":"product","2":"type-product","3":"status-publish","4":"has-post-thumbnail","6":"product_cat-mineralien","8":"first","9":"outofstock","10":"sold-individually","11":"product-type-simple"},"acf":[],"_links":{"self":[{"href":"https:\/\/westgem.shop\/fr\/wp-json\/wp\/v2\/product\/2736","targetHints":{"allow":["GET"]}}],"collection":[{"href":"https:\/\/westgem.shop\/fr\/wp-json\/wp\/v2\/product"}],"about":[{"href":"https:\/\/westgem.shop\/fr\/wp-json\/wp\/v2\/types\/product"}],"wp:featuredmedia":[{"embeddable":true,"href":"https:\/\/westgem.shop\/fr\/wp-json\/wp\/v2\/media\/4301"}],"wp:attachment":[{"href":"https:\/\/westgem.shop\/fr\/wp-json\/wp\/v2\/media?parent=2736"}],"wp:term":[{"taxonomy":"region","embeddable":true,"href":"https:\/\/westgem.shop\/fr\/wp-json\/wp\/v2\/region?post=2736"},{"taxonomy":"product_brand","embeddable":true,"href":"https:\/\/westgem.shop\/fr\/wp-json\/wp\/v2\/product_brand?post=2736"},{"taxonomy":"product_cat","embeddable":true,"href":"https:\/\/westgem.shop\/fr\/wp-json\/wp\/v2\/product_cat?post=2736"},{"taxonomy":"product_tag","embeddable":true,"href":"https:\/\/westgem.shop\/fr\/wp-json\/wp\/v2\/product_tag?post=2736"}],"curies":[{"name":"wp","href":"https:\/\/api.w.org\/{rel}","templated":true}]}}