{"id":2737,"date":"2001-11-29T00:00:00","date_gmt":"2001-11-29T00:00:00","guid":{"rendered":"https:\/\/miners.rocks\/product\/turmalin-xx-elbait\/"},"modified":"2020-05-19T17:01:25","modified_gmt":"2020-05-19T17:01:25","slug":"tourmaline-xx-elbait","status":"publish","type":"product","link":"https:\/\/westgem.shop\/fr\/produit\/tourmaline-xx-elbait\/","title":{"rendered":"TURMALINE xx - ELBA\u00cfTE"},"content":{"rendered":"<p><u>ELBA\u00cfTE verte TURMALINE xx en quartz<\/u> .<\/p>\n<p>ELBAIT TURMALINE Vari\u00e9t\u00e9 VERDELITH en quartz blanc transparent (CRISTAL DE MONTAGNE)<\/p>\n<p>Des cristaux clairs \u00e0 la couleur intense. Les TURMALINES sont devenues tr\u00e8s rares ces derni\u00e8res ann\u00e9es et leur prix a \u00e9norm\u00e9ment augment\u00e9.<\/p>\n<p>Ce niveau provient d'anciens stocks et provenait de mines de Minas Gerais au Br\u00e9sil.<\/p>\n<p>Photos \u00e0 la lumi\u00e8re du jour, une fois les petits xx \u00e0 contre-jour (soleil) et une photo \u00e0 la lumi\u00e8re artificielle.<\/p>\n<p>Poids : 100 g Dimensions : 6 x 4 x 4 cm xx \u00e0 3 cm<\/p>","protected":false},"excerpt":{"rendered":"<p>ELBA\u00cfTE TURMALINE xx verte en quartz . ELBA\u00cfTE TURMALINE vari\u00e9t\u00e9 VERDELITH en quartz blanc transparent (CRISTAL DE MONTAGNE) Cristaux clairs de couleur intense. Les TURMALINES sont devenues tr\u00e8s rares ces derni\u00e8res ann\u00e9es et leur prix a \u00e9norm\u00e9ment augment\u00e9. Ce niveau provient d'un ancien stock et a \u00e9t\u00e9 extrait des mines de Minas Gerais au Br\u00e9sil. Photos \u00e0 la lumi\u00e8re du jour , une fois la [...]<\/p>","protected":false},"featured_media":4305,"template":"","meta":{"_acf_changed":false},"region":[],"product_brand":[],"product_cat":[15],"product_tag":[],"class_list":{"0":"post-2737","1":"product","2":"type-product","3":"status-publish","4":"has-post-thumbnail","6":"product_cat-mineralien","8":"first","9":"outofstock","10":"sold-individually","11":"product-type-simple"},"acf":[],"_links":{"self":[{"href":"https:\/\/westgem.shop\/fr\/wp-json\/wp\/v2\/product\/2737","targetHints":{"allow":["GET"]}}],"collection":[{"href":"https:\/\/westgem.shop\/fr\/wp-json\/wp\/v2\/product"}],"about":[{"href":"https:\/\/westgem.shop\/fr\/wp-json\/wp\/v2\/types\/product"}],"wp:featuredmedia":[{"embeddable":true,"href":"https:\/\/westgem.shop\/fr\/wp-json\/wp\/v2\/media\/4305"}],"wp:attachment":[{"href":"https:\/\/westgem.shop\/fr\/wp-json\/wp\/v2\/media?parent=2737"}],"wp:term":[{"taxonomy":"region","embeddable":true,"href":"https:\/\/westgem.shop\/fr\/wp-json\/wp\/v2\/region?post=2737"},{"taxonomy":"product_brand","embeddable":true,"href":"https:\/\/westgem.shop\/fr\/wp-json\/wp\/v2\/product_brand?post=2737"},{"taxonomy":"product_cat","embeddable":true,"href":"https:\/\/westgem.shop\/fr\/wp-json\/wp\/v2\/product_cat?post=2737"},{"taxonomy":"product_tag","embeddable":true,"href":"https:\/\/westgem.shop\/fr\/wp-json\/wp\/v2\/product_tag?post=2737"}],"curies":[{"name":"wp","href":"https:\/\/api.w.org\/{rel}","templated":true}]}}